{"id":524,"date":"2020-06-18T11:58:00","date_gmt":"2020-06-18T09:58:00","guid":{"rendered":"https:\/\/toxmate.viewpoint.fr\/?page_id=524"},"modified":"2026-02-20T17:47:14","modified_gmt":"2026-02-20T16:47:14","slug":"nos-partenaires","status":"publish","type":"page","link":"https:\/\/www.toxmate.fr\/en\/nos-partenaires\/","title":{"rendered":"Partners"},"content":{"rendered":"<div id=\"clients-1\" class=\"clients-4 content-section content-section-spacing-small\" style=\"background-color: #f5fafd;\" data-label=\"Clients\" data-id=\"clients--1\" data-export-id=\"clients-4\" data-category=\"clients\">\n<div class=\"\">\n<div class=\"row\">\n<div class=\"section-title-col\" data-type=\"column\">\n<h2 class=\"font-700\">Partners<\/h2>\n<p class=\"lead\">ToxMate est n\u00e9 d\u2019une collaboration \u00e9troite entre ViewPoint et INRAE dans le cadre du p\u00f4le de comp\u00e9titivit\u00e9 AXELERA.<\/p>\nDe nombreux autres partenaires sont ensuite impliqu\u00e9s dans le projet.\n\nNous les remercions de leur soutien et de leur collaboration.\n\n<\/div>\n<\/div>\n<div class=\"row spaced-cols middle-xs center-xs space-bottom padding-lr\" data-type=\"row\">\n<div class=\"col-xs-6 col-sm-2\"><img decoding=\"async\" class=\"custom-image\" title=\"Inrae logo\" src=\"https:\/\/www.toxmate.fr\/wp-content\/uploads\/2020\/06\/Logo-Inrae-1.png\" alt=\"\" \/><\/div>\n<div class=\"col-xs-6 col-sm-2\"><img decoding=\"async\" class=\"\" title=\"axelera-logo-en\" src=\"https:\/\/www.toxmate.fr\/wp-content\/uploads\/2020\/06\/axelera-logo-fr.png\" alt=\"\" \/><\/div>\n<div class=\"col-xs-6 col-sm-2\"><img decoding=\"async\" class=\"\" title=\"European Union logo\" src=\"https:\/\/www.toxmate.fr\/wp-content\/uploads\/2020\/06\/Logo-union-Europ\u00e9enne-1.jpg\" alt=\"\" \/><\/div>\n<div class=\"col-xs-6 col-sm-2\"><img decoding=\"async\" class=\"\" title=\"logo-partner-2017-rvb-pastille-bleue-png\" src=\"https:\/\/www.toxmate.fr\/wp-content\/uploads\/2020\/08\/logo-partenaire-2017-rvb-pastille-bleue-png.png\" alt=\"\" \/><\/div>\n<div class=\"col-xs-6 col-sm-2\"><img decoding=\"async\" class=\"\" title=\"Insa logo\" src=\"https:\/\/www.toxmate.fr\/wp-content\/uploads\/2020\/06\/Logo-Insa-1.png\" alt=\"\" \/><\/div>\n<div class=\"col-xs-6 col-sm-2\"><img loading=\"lazy\" decoding=\"async\" class=\"\" title=\"ARMC Logo\" src=\"https:\/\/www.toxmate.fr\/wp-content\/uploads\/2020\/06\/Logo-ARMC-2.jpg\" alt=\"\" width=\"275\" height=\"251\" \/><\/div>\n<div class=\"col-xs-6 col-sm-2\"><img loading=\"lazy\" decoding=\"async\" class=\"alignnone  wp-image-5309\" src=\"https:\/\/www.toxmate.fr\/wp-content\/uploads\/2026\/02\/France2030-300x294.jpg\" alt=\"\" width=\"229\" height=\"224\" srcset=\"https:\/\/www.toxmate.fr\/wp-content\/uploads\/2026\/02\/France2030-300x294.jpg 300w, https:\/\/www.toxmate.fr\/wp-content\/uploads\/2026\/02\/France2030-12x12.jpg 12w, https:\/\/www.toxmate.fr\/wp-content\/uploads\/2026\/02\/France2030.jpg 322w\" sizes=\"auto, (max-width: 229px) 100vw, 229px\" \/><img loading=\"lazy\" decoding=\"async\" class=\"alignnone size-medium wp-image-5315\" src=\"https:\/\/www.toxmate.fr\/wp-content\/uploads\/2026\/02\/AESN-300x136.jpg\" alt=\"\" width=\"300\" height=\"136\" srcset=\"https:\/\/www.toxmate.fr\/wp-content\/uploads\/2026\/02\/AESN-300x136.jpg 300w, https:\/\/www.toxmate.fr\/wp-content\/uploads\/2026\/02\/AESN-18x8.jpg 18w, https:\/\/www.toxmate.fr\/wp-content\/uploads\/2026\/02\/AESN.jpg 512w\" sizes=\"auto, (max-width: 300px) 100vw, 300px\" \/> <img loading=\"lazy\" decoding=\"async\" class=\"alignnone size-medium wp-image-5316\" src=\"https:\/\/www.toxmate.fr\/wp-content\/uploads\/2026\/02\/aelb-298x300.png\" alt=\"\" width=\"298\" height=\"300\" srcset=\"https:\/\/www.toxmate.fr\/wp-content\/uploads\/2026\/02\/aelb-298x300.png 298w, https:\/\/www.toxmate.fr\/wp-content\/uploads\/2026\/02\/aelb-150x150.png 150w, https:\/\/www.toxmate.fr\/wp-content\/uploads\/2026\/02\/aelb-12x12.png 12w, https:\/\/www.toxmate.fr\/wp-content\/uploads\/2026\/02\/aelb.png 768w\" sizes=\"auto, (max-width: 298px) 100vw, 298px\" \/> <img loading=\"lazy\" decoding=\"async\" class=\"alignnone size-medium wp-image-5317\" src=\"https:\/\/www.toxmate.fr\/wp-content\/uploads\/2026\/02\/ofb-logo-1160x773-2-300x200.jpg\" alt=\"\" width=\"300\" height=\"200\" srcset=\"https:\/\/www.toxmate.fr\/wp-content\/uploads\/2026\/02\/ofb-logo-1160x773-2-300x200.jpg 300w, https:\/\/www.toxmate.fr\/wp-content\/uploads\/2026\/02\/ofb-logo-1160x773-2-1024x682.jpg 1024w, https:\/\/www.toxmate.fr\/wp-content\/uploads\/2026\/02\/ofb-logo-1160x773-2-768x512.jpg 768w, https:\/\/www.toxmate.fr\/wp-content\/uploads\/2026\/02\/ofb-logo-1160x773-2-18x12.jpg 18w, https:\/\/www.toxmate.fr\/wp-content\/uploads\/2026\/02\/ofb-logo-1160x773-2.jpg 1160w\" sizes=\"auto, (max-width: 300px) 100vw, 300px\" \/><\/div>\n<div class=\"col-xs-6 col-sm-2\"><a class=\"\" href=\"https:\/\/france-eau-biosurveillance.fr\" target=\"_self\" data-cp-link=\"1\"><img decoding=\"async\" class=\"custom-image\" title=\"logo-france-water-biosurveillance\" src=\"https:\/\/www.toxmate.fr\/wp-content\/uploads\/2021\/02\/logo-france-eau-biosurveillance.png\" alt=\"\" \/><\/a><\/div>\n<div class=\"col-xs-6 col-sm-2\"><img decoding=\"async\" class=\"custom-image\" title=\"logo-france-water-biosurveillance\" src=\"https:\/\/www.toxmate.fr\/wp-content\/uploads\/2022\/12\/logo-france-eau-biosurveillance.png\" alt=\"logo-france-eau-biosurveillance\" \/><\/div>\n<\/div>\n<\/div>\n<\/div>\n<div id=\"content-1\" class=\"content-12 content-section content-section-spacing\" style=\"background-color: #ffffff;\" data-label=\"Content\" data-id=\"content--1\" data-export-id=\"content-12\" data-category=\"content\">\n<div class=\"gridContainer\">\n<div class=\"row text-center\">\n<div class=\"section-title-col\" data-type=\"column\"><img decoding=\"async\" class=\"custom-image\" title=\"Partner banner\" src=\"https:\/\/www.toxmate.fr\/wp-content\/uploads\/2020\/06\/Banni\u00e8re-partenaires-1.png\" alt=\"\" \/><\/div>\n<\/div>\n<div class=\"row center-xs middle-xs\">\n<div class=\"col-sm-9\" data-type=\"column\"><\/div>\n<\/div>\n<\/div>\n<\/div>","protected":false},"excerpt":{"rendered":"<p>Nos partenaires ToxMate est n\u00e9 d\u2019une collaboration \u00e9troite entre ViewPoint et INRAE dans le cadre du p\u00f4le de comp\u00e9titivit\u00e9 AXELERA. De nombreux autres partenaires sont ensuite impliqu\u00e9s dans le projet. Nous les remercions de leur soutien et de leur collaboration.<\/p>","protected":false},"author":2,"featured_media":0,"parent":0,"menu_order":0,"comment_status":"closed","ping_status":"closed","template":"pro\/page-templates\/full-width-page.php","meta":{"inline_featured_image":false,"footnotes":""},"class_list":["post-524","page","type-page","status-publish","hentry"],"aioseo_notices":[],"_links":{"self":[{"href":"https:\/\/www.toxmate.fr\/en\/wp-json\/wp\/v2\/pages\/524","targetHints":{"allow":["GET"]}}],"collection":[{"href":"https:\/\/www.toxmate.fr\/en\/wp-json\/wp\/v2\/pages"}],"about":[{"href":"https:\/\/www.toxmate.fr\/en\/wp-json\/wp\/v2\/types\/page"}],"author":[{"embeddable":true,"href":"https:\/\/www.toxmate.fr\/en\/wp-json\/wp\/v2\/users\/2"}],"replies":[{"embeddable":true,"href":"https:\/\/www.toxmate.fr\/en\/wp-json\/wp\/v2\/comments?post=524"}],"version-history":[{"count":27,"href":"https:\/\/www.toxmate.fr\/en\/wp-json\/wp\/v2\/pages\/524\/revisions"}],"predecessor-version":[{"id":5321,"href":"https:\/\/www.toxmate.fr\/en\/wp-json\/wp\/v2\/pages\/524\/revisions\/5321"}],"wp:attachment":[{"href":"https:\/\/www.toxmate.fr\/en\/wp-json\/wp\/v2\/media?parent=524"}],"curies":[{"name":"wp","href":"https:\/\/api.w.org\/{rel}","templated":true}]}}