{"id":4870,"date":"2023-03-22T15:30:59","date_gmt":"2023-03-22T14:30:59","guid":{"rendered":"https:\/\/www.toxmate.fr\/?page_id=4870"},"modified":"2023-06-26T15:19:40","modified_gmt":"2023-06-26T13:19:40","slug":"presentations-scientifiques","status":"publish","type":"page","link":"https:\/\/www.toxmate.fr\/en\/presentations-scientifiques\/","title":{"rendered":"Scientific Presentations"},"content":{"rendered":"<div  data-label=\"Content\" data-id=\"content--4\" data-export-id=\"content-12\" data-category=\"content\" class=\"content-12 content-section content-section-spacing\" id=\"content-4\" style=\"background-color: rgb(245, 250, 253);\">\n<div  class=\"gridContainer\">\n<div  class=\"row text-center\">\n<div  class=\"section-title-col\" data-type=\"column\">\n<h2  class=\"\">Talks, posters, publications scientifiques\n\nsur ToxMate<\/h2>\n<\/div>\n<\/div>\n<div  class=\"row center-xs middle-xs\">\n<div  class=\"col-sm-9\" data-type=\"column\"><\/div>\n<\/div>\n<\/div>\n<\/div><div data-label=\"Content\" data-id=\"content--9\" data-export-id=\"content-7\" data-category=\"content\" class=\"content-7 content-section content-section-spacing\" id=\"content-9\"  style=\"background-color: rgb(245, 250, 253);\"><div class=\"gridContainer\" > <div class=\"row middle-sm\" ><div class=\"col-sm-6 space-bottom-xs\" data-type=\"column\" > <p  class=\"lead\"><span style=\"font-weight: 700;\" >Publication&nbsp;<\/span><\/p><h2 class=\"\" >Water Research 242 - June 2023<\/h2> <p class=\"\" ><span style=\"font-family: &quot;Open Sans&quot;, arial, helvetica, sans-serif; font-weight: 400;\" >Avoidance behaviour of aquatic macroinvertebrates for real-time detection<\/span><br ><span style=\"font-family: &quot;Open Sans&quot;, arial, helvetica, sans-serif; font-weight: 400;\" >\nof micropollutant surge in wastewater effluents<\/span><\/p> <a class=\"button color8\" href=\"http:\/\/support.viewpoint.fr\/download\/upload_tox\/Avoidance_behaviour_of_aquatic_macroinvertebrates_for_real_time_detection_of_micropollutant_surge_in_wastewater_effluents.pdf\"  target=\"_blank\" data-cp-link=\"1\" data-icon=\"\">Read<\/a><\/div> <div class=\"col-sm-6\" data-type=\"column\" > <img decoding=\"async\" class=\"shadow-large\" src=\"https:\/\/www.toxmate.fr\/wp-content\/uploads\/2023\/06\/Article-Water-Research.png\"  alt=\"Article Water Research\" title=\"Article Water Research\"><\/div> <\/div><\/div> <\/div><div  data-label=\"Content\" data-id=\"content--8\" data-export-id=\"content-7\" data-category=\"content\" class=\"content-7 content-section content-section-spacing\" id=\"content-8\" style=\"background-color: rgb(245, 250, 253);\"><div  class=\"gridContainer\"> <div  class=\"row middle-sm\"><div  class=\"col-sm-6 space-bottom-xs\" data-type=\"column\"> <p  class=\"lead\"><span  style=\"font-weight: 600;\">Talk<\/span><\/p><h2  class=\"\">ECOBIM Qu\u00e9bec June 1, 2023<\/h2> <p  class=\"\"><span  style=\"font-weight: 400;\">A non-targeted approach based on behavioral monitoring of invertebrates for biomonitoring micropollutants in wastewater treatment plant discharges<\/span><\/p> <a  class=\"button color8\" href=\"http:\/\/support.viewpoint.fr\/download\/upload_tox\/FEL_ECOBIM_TOXMATE.pdf\" target=\"_blank\" data-cp-link=\"1\" data-icon=\"\">See<\/a><\/div> <div  class=\"col-sm-6\" data-type=\"column\"> <img decoding=\"async\"  class=\"shadow-large\" src=\"https:\/\/www.toxmate.fr\/wp-content\/uploads\/2023\/06\/Pr\u00e9sentation-ToxMate-Ecobim-2023.png\" alt=\"Presentation ToxMate Ecobim 2023\" title=\"Presentation ToxMate Ecobim 2023\"><\/div> <\/div><\/div> <\/div><div  data-label=\"Content\" data-id=\"content--5\" data-export-id=\"content-7\" data-category=\"content\" class=\"content-7 content-section content-section-spacing content-relative\" id=\"content-5\" style=\"background-color: rgb(245, 250, 253);\">\n<div  class=\"gridContainer\">\n<div  class=\"row middle-sm\">\n<div  class=\"col-sm-6 space-bottom-xs\" data-type=\"column\">\n<p  class=\"lead\"><span  style=\"font-weight: 600;\">Talk<\/span><\/p>\n\n<h2  class=\"\">WORLD WATER CONGRESS &amp; EXHIBITION 2022 \u2013 IWA\n\nCopenhague \u2013 Danemark<\/h2>\n<p  class=\"\"><span  style=\"font-weight: 400;\">Bio-innovative wastewaster surveillance towards optimising dedicated treatment of Contaminants of Emerging Concern.<\/span><\/p>\n<p  class=\"\"><span  style=\"font-weight: 400;\">George RUCK<\/span><\/p>\n<a  class=\"button color8\" href=\"https:\/\/www.youtube.com\/watch?v=Qh335MNVSn0&amp;t=13s\" target=\"_self\" data-cp-link=\"1\" data-icon=\"\">See<\/a>\n\n<\/div>\n<div  class=\"col-sm-6\" data-type=\"column\"> <a  data-cp-link=\"1\" href=\"https:\/\/www.youtube.com\/watch?v=Qh335MNVSn0&amp;t=13s\" class=\"\" target=\"_self\"><img decoding=\"async\"  class=\"shadow-large\" src=\"https:\/\/www.toxmate.fr\/wp-content\/uploads\/2023\/03\/cropped-IWA-Visuel-video.png\" alt=\"\" title=\"cropped-IWA-Visual-video.png\"><\/a><\/div>\n<\/div>\n<\/div>\n<div  class=\"section-separator-bottom\">\n    <svg  xmlns=\"http:\/\/www.w3.org\/2000\/svg\" viewbox=\"0 0 1000 20\" preserveaspectratio=\"none\" data-separator-name=\"split\" class=\"section-separator-bottom\">\n\t<path  class=\"svg-white-bg\" d=\"M0,0v3c0,0,393.8,0,483.4,0c9.2,0,16.6,7.4,16.6,16.6c0-9.1,7.4-16.6,16.6-16.6C606.2,3,1000,3,1000,3V0H0z\"><\/path>\n<\/svg>\n<\/div><\/div><div  data-label=\"Content\" data-id=\"content--3\" data-export-id=\"content-7\" data-category=\"content\" class=\"content-7 content-section content-section-spacing content-relative\" id=\"content-3\" style=\"background-color: rgb(245, 250, 253);\">\n<div  class=\"gridContainer\">\n<div  class=\"row middle-sm\">\n<div  class=\"col-sm-6 space-bottom-xs\" data-type=\"column\">\n<p  class=\"lead\"><span  style=\"font-weight: 600;\">Poster<\/span><\/p>\n\n<h2  class=\"\">WORLD WATER CONGRESS &amp; EXHIBITION 2022 \u2013 IWA\n\nCopenhague \u2013 Danemark<\/h2>\n<p  class=\"\"><span  style=\"font-weight: 400;\">Bio-innovative wastewaster surveillance towards optimising dedicated treatment of Contaminants of Emerging Concern<\/span><span  id=\"_mce_caret\" data-mce-bogus=\"1\" data-mce-type=\"format-caret\"><span  style=\"font-weight: 400;\"><\/span><\/span><\/p>\n<p  class=\"\"><span  style=\"font-weight: 400;\">George Ruck<\/span><\/p>\n\n<a  class=\"button color8\" href=\"http:\/\/support.viewpoint.fr\/download\/upload_tox\/IWA_Poster_WWCE2022_5368238_GeorgeRuck.pdf\" target=\"_self\" data-cp-link=\"1\" data-icon=\"\">Read<\/a><\/div>\n<div  class=\"col-sm-6\" data-type=\"column\"> <a  data-cp-link=\"1\" href=\"http:\/\/support.viewpoint.fr\/download\/upload_tox\/IWA_Poster_WWCE2022_5368238_GeorgeRuck.pdf\" class=\"\" target=\"_self\"><img decoding=\"async\"  class=\"shadow-large\" src=\"https:\/\/www.toxmate.fr\/wp-content\/uploads\/2023\/03\/cropped-poster-George-Ruck.png\" alt=\"\" title=\"cropped-poster-George-Ruck.png\"><\/a><\/div>\n<\/div>\n<\/div>\n<div  class=\"section-separator-bottom\">\n    <svg  xmlns=\"http:\/\/www.w3.org\/2000\/svg\" viewbox=\"0 0 1000 20\" preserveaspectratio=\"none\" data-separator-name=\"split\" class=\"section-separator-bottom\">\n\t<path  class=\"svg-white-bg\" d=\"M0,0v3c0,0,393.8,0,483.4,0c9.2,0,16.6,7.4,16.6,16.6c0-9.1,7.4-16.6,16.6-16.6C606.2,3,1000,3,1000,3V0H0z\"><\/path>\n<\/svg>\n<\/div><\/div><div  data-label=\"Content\" data-id=\"content--6\" data-export-id=\"content-7\" data-category=\"content\" class=\"content-7 content-section content-section-spacing content-relative\" id=\"content-6\" style=\"background-color: rgb(245, 250, 253);\">\n<div  class=\"gridContainer\">\n<div  class=\"row middle-sm\">\n<div  class=\"col-sm-6 space-bottom-xs\" data-type=\"column\">\n<p  class=\"lead\"><span  style=\"font-weight: 600;\">Talk<\/span><\/p>\n\n<h2  class=\"\">SETAC 2022<\/h2>\n<p  class=\"\"><span  style=\"font-weight: 400;\">Operational application of invertebrate behaviour videotracking for online and real-time wastewater monitoring<\/span><\/p>\n<p  class=\"\"><span  style=\"font-weight: 400;\">George RUCK<\/span><\/p>\n<a  class=\"button color8\" href=\"https:\/\/www.youtube.com\/watch?v=hdrA-YjGFKs\" target=\"_self\" data-cp-link=\"1\" data-icon=\"\">See<\/a>\n\n<\/div>\n<div  class=\"col-sm-6\" data-type=\"column\"> <a  data-cp-link=\"1\" href=\"https:\/\/www.youtube.com\/watch?v=hdrA-YjGFKs\" class=\"\" target=\"_self\"><img decoding=\"async\"  class=\"shadow-large\" src=\"https:\/\/www.toxmate.fr\/wp-content\/uploads\/2023\/03\/cropped-Setac-visuel-video.png\" alt=\"\" title=\"cropped-Setac-visual-video.png\"><\/a><\/div>\n<\/div>\n<\/div>\n<div  class=\"section-separator-bottom\">\n    <svg  xmlns=\"http:\/\/www.w3.org\/2000\/svg\" viewbox=\"0 0 1000 20\" preserveaspectratio=\"none\" data-separator-name=\"split\" class=\"section-separator-bottom\">\n\t<path  class=\"svg-white-bg\" d=\"M0,0v3c0,0,393.8,0,483.4,0c9.2,0,16.6,7.4,16.6,16.6c0-9.1,7.4-16.6,16.6-16.6C606.2,3,1000,3,1000,3V0H0z\"><\/path>\n<\/svg>\n<\/div><\/div><div  data-label=\"Content\" data-id=\"content--7\" data-export-id=\"content-7\" data-category=\"content\" class=\"content-7 content-section content-section-spacing content-relative\" id=\"content-7\" style=\"background-color: rgb(255, 255, 255);\"><div  class=\"gridContainer\"> <div  class=\"row middle-sm\"><div  class=\"col-sm-6 space-bottom-xs\" data-type=\"column\"> <p  class=\"lead\"><span  style=\"font-weight: 600;\">Publication<\/span><\/p><h2  class=\"\">TSM N\u00b06 - June 2021<\/h2> <p  class=\"\"><span  style=\"font-weight: 400;\">Tests of Biosensors to evaluate the ecotoxicity of treated wastewater<\/span><\/p> <a  class=\"button color8\" href=\"http:\/\/support.viewpoint.fr\/download\/upload_tox\/JUIN2021_ARTICLE_BIOESSAIS_TSM.pdf\" target=\"_self\" data-cp-link=\"1\" data-icon=\"\">Read<\/a><\/div> <div  class=\"col-sm-6\" data-type=\"column\"> <a  data-cp-link=\"1\" href=\"http:\/\/support.viewpoint.fr\/download\/upload_tox\/JUIN2021_ARTICLE_BIOESSAIS_TSM.pdf\" class=\"\" target=\"_self\"><img decoding=\"async\"  class=\"shadow-large\" src=\"https:\/\/www.toxmate.fr\/wp-content\/uploads\/2023\/03\/cropped-Article-TSM-Juin-2021.png\" alt=\"\" title=\"cropped-Article-TSM-June-2021.png\"><\/a><\/div> <\/div><\/div> <div  class=\"section-separator-bottom\">\n    <svg  xmlns=\"http:\/\/www.w3.org\/2000\/svg\" viewbox=\"0 0 1000 20\" preserveaspectratio=\"none\" data-separator-name=\"split\" class=\"section-separator-bottom\">\n\t<path  class=\"svg-white-bg\" d=\"M0,0v3c0,0,393.8,0,483.4,0c9.2,0,16.6,7.4,16.6,16.6c0-9.1,7.4-16.6,16.6-16.6C606.2,3,1000,3,1000,3V0H0z\"><\/path>\n<\/svg>\n<\/div><\/div>","protected":false},"excerpt":{"rendered":"<p>Talks, posters, publications scientifiques sur ToxMate Publication&nbsp;Water Research 242 &#8211; Juin 2023 Avoidance behaviour of aquatic macroinvertebrates for real-time detection of micropollutant surge in wastewater effluents Lire TalkECOBIM Qu\u00e9bec 1er juin 2023 Une approche non-cibl\u00e9e bas\u00e9e sur le suivi comportemental d\u2019invert\u00e9br\u00e9s pour la bio-surveillance des micropolluants dans les rejets de stations d\u2019\u00e9puration Voir Talk WORLD&hellip; <br \/> <a class=\"read-more\" href=\"https:\/\/www.toxmate.fr\/en\/presentations-scientifiques\/\">Read more<\/a><\/p>","protected":false},"author":2,"featured_media":0,"parent":0,"menu_order":0,"comment_status":"closed","ping_status":"closed","template":"pro\/page-templates\/full-width-page.php","meta":{"inline_featured_image":false,"footnotes":""},"class_list":["post-4870","page","type-page","status-publish","hentry"],"aioseo_notices":[],"_links":{"self":[{"href":"https:\/\/www.toxmate.fr\/en\/wp-json\/wp\/v2\/pages\/4870","targetHints":{"allow":["GET"]}}],"collection":[{"href":"https:\/\/www.toxmate.fr\/en\/wp-json\/wp\/v2\/pages"}],"about":[{"href":"https:\/\/www.toxmate.fr\/en\/wp-json\/wp\/v2\/types\/page"}],"author":[{"embeddable":true,"href":"https:\/\/www.toxmate.fr\/en\/wp-json\/wp\/v2\/users\/2"}],"replies":[{"embeddable":true,"href":"https:\/\/www.toxmate.fr\/en\/wp-json\/wp\/v2\/comments?post=4870"}],"version-history":[{"count":14,"href":"https:\/\/www.toxmate.fr\/en\/wp-json\/wp\/v2\/pages\/4870\/revisions"}],"predecessor-version":[{"id":4995,"href":"https:\/\/www.toxmate.fr\/en\/wp-json\/wp\/v2\/pages\/4870\/revisions\/4995"}],"wp:attachment":[{"href":"https:\/\/www.toxmate.fr\/en\/wp-json\/wp\/v2\/media?parent=4870"}],"curies":[{"name":"wp","href":"https:\/\/api.w.org\/{rel}","templated":true}]}}