{"id":4790,"date":"2023-03-16T16:07:46","date_gmt":"2023-03-16T15:07:46","guid":{"rendered":"https:\/\/www.toxmate.fr\/?page_id=4790"},"modified":"2023-04-28T15:23:17","modified_gmt":"2023-04-28T13:23:17","slug":"etude-de-cas-controle-de-qualite-des-effluents-industriels-en-step","status":"publish","type":"page","link":"https:\/\/www.toxmate.fr\/en\/etude-de-cas-controle-de-qualite-des-effluents-industriels-en-step\/","title":{"rendered":"Case study: Quality control of industrial effluents in WWTP"},"content":{"rendered":"<div  id=\"content-1\" class=\"content-12 content-section content-section-spacing\" style=\"background-color: #ffffff;\" data-label=\"Content\" data-id=\"content--1\" data-export-id=\"content-12\" data-category=\"content\">\r\n<div  class=\"gridContainer\">\r\n<div  class=\"row text-center\">\r\n<div  class=\"section-title-col\" data-type=\"column\">\r\n<h2  class=\"\"><span  style=\"font-weight: bold;\">Dyes and Impressions of Lyon (TIL) -&nbsp;<\/span><span  style=\"font-weight: bold;\">Textile industry<\/span><\/h2>\r\n<p  class=\"lead\"><span  style=\"font-weight: 400;\">TIL est un acteur historique de l\u2019industrie textile.\r\n\r\nBas\u00e9e \u00e0&nbsp;Villefranche-sur-Sa\u00f4ne, la soci\u00e9t\u00e9 TIL est la filiale sp\u00e9cialis\u00e9e dans&nbsp;<\/span><span  style=\"font-weight: 400;\">printing and textile finishing of the Deveaux group,&nbsp;<\/span><span  style=\"font-weight: 400;\">one of the leaders in the clothing textile market.<\/span><\/p>\r\n\r\n<\/div>\r\n<\/div>\r\n<div  class=\"row center-xs middle-xs\">\r\n<div  class=\"col-sm-9\" data-type=\"column\"><img decoding=\"async\"  class=\"shadow-large\" title=\"TIL case study\" src=\"https:\/\/www.toxmate.fr\/wp-content\/uploads\/2023\/03\/Etude-de-cas-TIL.png\" alt=\"\"><\/div>\r\n<\/div>\r\n<\/div>\r\n<\/div><div  id=\"content-2\" class=\"content-8 content-section content-section-spacing\" style=\"background-color: #f5fafd;\" data-label=\"Content\" data-id=\"content--2\" data-export-id=\"content-8\" data-category=\"content\">\r\n<div  class=\"gridContainer\">\r\n<div  class=\"row middle-sm\">\r\n<div  class=\"col-sm-6 space-bottom-xs space-top-xs\" data-type=\"column\"><img decoding=\"async\"  class=\"shadow-large\" title=\"STEP TIL\" src=\"https:\/\/www.toxmate.fr\/wp-content\/uploads\/2023\/03\/IMG_1922.jpg\" alt=\"STEP TIL\"><\/div>\r\n<div  class=\"col-sm-6\" data-type=\"column\">\r\n<h2  class=\"\"><span  style=\"font-weight: 700;\">Context<\/span><\/h2>\r\n<p  class=\"\"><span  style=\"font-weight: 400; font-family: 'Open Sans', arial, helvetica, sans-serif;\">The finishing operations carried out in the textile industry involve<\/span>\r\n<span  style=\"font-weight: 400; font-family: 'Open Sans', arial, helvetica, sans-serif;\">\r\ntreatments are carried out to eliminate any risk to the environment.<\/span>\r\n<span  style=\"font-family: 'Open Sans', arial, helvetica, sans-serif;\"><span  style=\"font-weight: 400;\">\r\nimpurities or carry out colorations. These chemical treatments can be found&nbsp;<\/span><span  style=\"font-weight: 400;\">in the natural environment that can cause significant damage.<\/span><\/span><\/p>\r\n\r\n\r\n<p  class=\"\"><span style=\"font-weight: 400;\" >Concerned about the environmental impact and aware of the need to comply with French and European regulations on the discharge of industrial water, TIL's teams wanted to invest in the development of a solution that would allow them to :<\/span><\/p><p  class=\"\"><span style=\"font-weight: 400;\" >- to understand the efficiency of the treatment of its WWTP and to improve the management of the plant;<\/span><br ><span style=\"font-weight: 400;\" >- to better characterize the effluents discharged into the natural environment and better preserve it;<\/span><br ><span style=\"font-weight: 400;\" >- to transform the regulatory constraint into an opportunity for environmental quality certification.<\/span><\/p><p  class=\"\"><span style=\"font-weight: 400;\" >In order to create a procedure for diverting water discharged into the natural environment into buffer basins, it was necessary to find a tool capable of detecting pollution peaks in real time. For this purpose, TIL's teams requested the services of ViewPoint, Biosurveillance de l'Eau.<\/span><\/p><\/div>\r\n<\/div>\r\n<\/div>\r\n<\/div><div  id=\"content-3\" class=\"content-7 content-section content-section-spacing\" style=\"background-color: #ffffff;\" data-label=\"Content\" data-id=\"content--3\" data-export-id=\"content-7\" data-category=\"content\">\r\n<div  class=\"gridContainer\">\r\n<div  class=\"row middle-sm\">\r\n<div  class=\"col-sm-6 space-bottom-xs\" data-type=\"column\">\r\n<h2  class=\"\"><span  style=\"font-weight: 700;\">ViewPoint's answer to Water Biomonitoring<\/span><\/h2>\r\n<p  class=\"\"><span  style=\"font-weight: 400;\">A ToxMate biomonitoring station has been installed at the treatment outlet of the WWTP in order to improve the&nbsp;<\/span><span  style=\"font-weight: 400;\">management of the wastewater treatment plant and&nbsp;<\/span><span  style=\"font-weight: 400;\">reduce the environmental impact.<\/span>\r\n<span  style=\"font-weight: 400;\">\r\nViewPoint has developed a new&nbsp;<\/span><span  style=\"font-weight: 400;\">approach with ToxMate, its<\/span>\r\n<span  style=\"font-weight: 400;\">\r\nbiomonitoring capable of detecting the&nbsp;<\/span><span  style=\"font-weight: 400;\">presence of micropollutants in time<\/span>\r\n<span  style=\"font-weight: 400;\">\r\nreal.<\/span>\r\n<span  style=\"font-weight: 400;\">\r\nThis technology, co-developed with the&nbsp;<\/span><span  style=\"font-weight: 400;\">ecotoxicology laboratory of INRAE<\/span>\r\n<span  style=\"font-weight: 400;\">\r\nLyon, drifts continuously a part of the&nbsp;<\/span><span  style=\"font-weight: 400;\">treated water to put it in contact with<\/span>\r\n<span  style=\"font-weight: 400;\">\r\nwith three species of invertebrates&nbsp;<\/span><span  style=\"font-weight: 400;\">that naturally populate<\/span>\r\n<span  style=\"font-weight: 400;\">\r\nEuropean rivers. Their&nbsp;<\/span><span  style=\"font-weight: 400;\">locomotor behavior is analyzed<\/span>\r\n<span  style=\"font-weight: 400;\">\r\nin real time by software of&nbsp;<\/span><span  style=\"font-weight: 400;\">image processing and allows to warn<\/span>\r\n<span  style=\"font-weight: 400;\">\r\ninstantaneously the managers of the&nbsp;<\/span><span  style=\"font-weight: 400;\">water in case of an abnormal event of<\/span>\r\n<span  style=\"font-weight: 400;\">\r\ndegradation of water quality, by&nbsp;<\/span><span  style=\"font-weight: 400;\">presence of micropollutants.<\/span><\/p>\r\n\r\n\r\n<\/div>\r\n<div  class=\"col-sm-6\" data-type=\"column\"><img decoding=\"async\"  class=\"shadow-large\" title=\"cropped-IMG_1926.jpg\" src=\"https:\/\/www.toxmate.fr\/wp-content\/uploads\/2023\/03\/cropped-IMG_1926.jpg\" alt=\"\"><\/div>\r\n<\/div>\r\n<\/div>\r\n<\/div><div  id=\"features-1\" class=\"features-16 content-section content-section-spacing\" style=\"background-color: #f5fafd;\" data-label=\"Features\" data-id=\"features--1\" data-export-id=\"features-16\" data-category=\"features\">\r\n<div  class=\"gridContainer\">\r\n<div  class=\"row text-center\">\r\n<div  class=\"section-title-col\" data-type=\"column\">\r\n<h2  class=\"\"><span  style=\"font-weight: 700;\">The contribution of ToxMate to TIL<\/span><\/h2>\r\n<p  class=\"lead\"><span  style=\"font-weight: 600;\">The predictive nature of the tool, and the wide detection range offered by the&nbsp;<\/span><span  style=\"font-weight: 600;\">ToxMate solution are particularly well suited to the specificities of&nbsp;<\/span><span  style=\"font-weight: 600;\">the textile industry, which has numerous treatment processes that require a&nbsp;<\/span><span  style=\"font-weight: 600;\">permanent control.<\/span><\/p>\r\n\r\n<\/div>\r\n<\/div>\r\n<div  class=\"row spaced-cols\" data-type=\"row\">\r\n<div  class=\"col-xs-12 col-sm-6 col-md-4 space-bottom\"><img decoding=\"async\"  class=\"face\" title=\"ToxView Data\" src=\"https:\/\/www.toxmate.fr\/wp-content\/uploads\/2023\/03\/Donn\u00e9es-ToxView.png\" alt=\"\">\r\n<div  class=\"col-padding-small col-padding-small-xs description-container\" data-type=\"column\">\r\n<h4  class=\"font-500\"><span  style=\"font-weight: bold;\">Decision support<\/span><\/h4>\r\n<p  class=\"\"><span  style=\"font-weight: 400;\">The ToxMate station makes it possible to carry out continuous controls, 24 hours a day, 7 days a week, in order to track the micropollutants at the treatment outlet, to verify that the thresholds<\/span>\r\n<span  style=\"font-weight: 400;\">\r\nof toxicity are not exceeded and the treatments adapted.<\/span><\/p>\r\n<span  style=\"font-weight: 600;\" class=\"\">The data provided online is reprocessed for immediate understanding and decision support.<\/span>\r\n\r\n<span  style=\"font-weight: 600;\" class=\"\">The alerts issued in case of presence of contaminants allow the rapid implementation of corrective actions\r\n<br ><br >&nbsp;<\/span>\r\n\r\n<img decoding=\"async\"  class=\"custom-image\" src=\"https:\/\/www.toxmate.fr\/wp-content\/uploads\/2022\/12\/ToxMate-haut.jpg\" alt=\"Module Haut ToxMate avec invert\u00e9br\u00e9s\" title=\"ToxMate Top Module with invertebrates\"><\/div>\r\n<\/div>\r\n<div  class=\"col-xs-12 col-sm-6 col-md-4 space-bottom\"><img decoding=\"async\"  class=\"face\" title=\"ToxView Graphs\" src=\"https:\/\/www.toxmate.fr\/wp-content\/uploads\/2023\/03\/Graphes-ToxView.png\" alt=\"\">\r\n<div  class=\"col-padding-small col-padding-small-xs description-container\" data-type=\"column\">\r\n<h4  class=\"font-500\"><span  style=\"font-weight: bold;\">Steering tool<\/span><\/h4>\r\n<p  class=\"\"><span  style=\"font-weight: 400;\">The data are historized for a posteriori interpretation to understand the recurrence factors and to classify the different types of events.\r\n<\/span><\/p>\r\n<span  style=\"font-weight: 600;\" class=\"\">TIL is thus able to optimize the management of the WWTP and the treatments according to the production processes in use or the periodicity of pollution episodes.\r\n<\/span>\r\n\r\n<span  style=\"font-weight: 400;\" class=\"\">\r\n<br ><br >A predictive tool offering a wide range of detection, ToxMate is an integrative solution for optimizing the operation and costs of the WWTP.<br >\r\n<\/span><img decoding=\"async\"  class=\"custom-image\" src=\"https:\/\/www.toxmate.fr\/wp-content\/uploads\/2022\/12\/Equipe-de-supervision-ToxMate.jpg\" alt=\"Equipe de supervision ToxMate\" title=\"ToxMate Supervision Team\">\r\n\r\n\r\n\r\n<\/div>\r\n<\/div>\r\n<div  class=\"col-xs-12 col-sm-6 col-md-4 space-bottom\"><img decoding=\"async\"  class=\"face\" title=\"TIL\" src=\"https:\/\/www.toxmate.fr\/wp-content\/uploads\/2023\/03\/TIL-photo7.jpg\" alt=\"\">\r\n<div  class=\"col-padding-small col-padding-small-xs description-container\" data-type=\"column\">\r\n<img decoding=\"async\"  class=\"custom-image\" src=\"https:\/\/www.toxmate.fr\/wp-content\/uploads\/2023\/03\/Ic\u00f4ne-focus.png\" alt=\"Ic\u00f4ne focus\" title=\"Focus icon\"><h4  class=\"font-500\"><span  style=\"font-weight: bold;\">Support for the maintenance of withdrawal authorizations<\/span><\/h4>\r\n<p  class=\"\"><span  style=\"font-weight: 400;\">In August 2022, TIL is notified of a ban on groundwater withdrawals&nbsp;<\/span><span  style=\"font-weight: 400;\">of the Sa\u00f4ne, due to the dry period.<\/span>\r\n<span  style=\"font-weight: 400;\">\r\nThe impact is significant for the company, as it means a halt in production.<\/span>&nbsp;<\/p>\r\n\r\n\r\n<p  class=\"\"><span  style=\"font-weight: 400;\">Anxious not to put its hundred or so employees out of work<\/span>, <span  style=\"font-weight: 600;\">the director of TIL will present to the Prefecture a documented file showing that the 70 % of water discharged into the natural environment are controlled in real time by the ToxMate station<\/span>. <span  style=\"font-weight: 400;\">In case of detection of the presence of pollutants, a corrective action is implemented in a very short time.<\/span><\/p><p  class=\"\"><span  style=\"font-weight: 600;\">Thanks to this voluntary approach to reduce the impact of its activities on the environment, TIL will obtain a derogation authorization and will be able to continue its activities, while preserving its jobs.<\/span><\/p><\/div>\r\n<\/div>\r\n<\/div>\r\n<\/div>\r\n<\/div><div  data-label=\"Cta\" data-id=\"cta--1\" data-export-id=\"cta-blue-section\" data-category=\"cta\" class=\"cta-blue-section content-section content-section-spacing-medium bg-color1 white-text\" id=\"cta-1\" style=\"background-color: rgb(245, 250, 253);\"><div  class=\"gridContainer\"> <div  class=\"row middle-xs\"><div  class=\"col-sm-8 space-bottom-xs\" data-type=\"column\"> <h2  class=\"\" style=\"text-align: left;\">We are at your disposal for any information or study concerning the quality of your industrial effluents.<\/h2> <\/div> <div  class=\"col-sm-4 end-sm\" data-type=\"column\"> <\/div> <\/div><\/div> <\/div><div  id=\"about-1\" class=\"about-1 content-section\" style=\"background-color: #ffffff;\" data-label=\"About\" data-id=\"about--1\" data-export-id=\"about-1\" data-category=\"about\">\r\n<div  class=\"gridContainer\">\r\n<div  class=\"row\">\r\n<div  class=\"col-xs bottom-xs flexbox image-group-bottom-3-img space-bottom-xs center-xs\"><img decoding=\"async\"  class=\"left-img shadow-large-black\" title=\"TIL aerial view photo\" src=\"https:\/\/www.toxmate.fr\/wp-content\/uploads\/2023\/03\/TIL-photo4.jpg\" alt=\"TIL photo vue a\u00e9rienne\" data-size=\"500x300\"> <img decoding=\"async\"  class=\"center-img shadow-large-black\" title=\"Contacts\" src=\"https:\/\/www.toxmate.fr\/wp-content\/uploads\/2023\/03\/Contact.png\" alt=\"\" data-size=\"500x300\"> <img decoding=\"async\"  class=\"right-img shadow-large-black\" title=\"TIL Video report 202211\" src=\"https:\/\/www.toxmate.fr\/wp-content\/uploads\/2022\/12\/TIL-Reportage-video-202211.png\" alt=\"TIL Reportage video 202211\" data-size=\"500x300\"><\/div>\r\n<\/div>\r\n<\/div>\r\n<\/div>","protected":false},"excerpt":{"rendered":"<p>Teintures et Impressions de Lyon (TIL) \u2013&nbsp;Industrie textile TIL est un acteur historique de l\u2019industrie textile. Bas\u00e9e \u00e0&nbsp;Villefranche-sur-Sa\u00f4ne, la soci\u00e9t\u00e9 TIL est la filiale sp\u00e9cialis\u00e9e dans&nbsp;l\u2019impression et l\u2019ennoblissement textile du groupe Deveaux,&nbsp;un&nbsp;des leaders sur le march\u00e9 du textile pour l\u2019habillement. Contexte Les op\u00e9rations d\u2019ennoblissement r\u00e9alis\u00e9es dans l\u2019industrie textile impliquent g\u00e9n\u00e9ralement que des traitements soient men\u00e9s&hellip; <br \/> <a class=\"read-more\" href=\"https:\/\/www.toxmate.fr\/en\/etude-de-cas-controle-de-qualite-des-effluents-industriels-en-step\/\">Read more<\/a><\/p>","protected":false},"author":2,"featured_media":0,"parent":0,"menu_order":0,"comment_status":"closed","ping_status":"closed","template":"pro\/page-templates\/full-width-page.php","meta":{"inline_featured_image":false,"footnotes":""},"class_list":["post-4790","page","type-page","status-publish","hentry"],"aioseo_notices":[],"_links":{"self":[{"href":"https:\/\/www.toxmate.fr\/en\/wp-json\/wp\/v2\/pages\/4790","targetHints":{"allow":["GET"]}}],"collection":[{"href":"https:\/\/www.toxmate.fr\/en\/wp-json\/wp\/v2\/pages"}],"about":[{"href":"https:\/\/www.toxmate.fr\/en\/wp-json\/wp\/v2\/types\/page"}],"author":[{"embeddable":true,"href":"https:\/\/www.toxmate.fr\/en\/wp-json\/wp\/v2\/users\/2"}],"replies":[{"embeddable":true,"href":"https:\/\/www.toxmate.fr\/en\/wp-json\/wp\/v2\/comments?post=4790"}],"version-history":[{"count":18,"href":"https:\/\/www.toxmate.fr\/en\/wp-json\/wp\/v2\/pages\/4790\/revisions"}],"predecessor-version":[{"id":4844,"href":"https:\/\/www.toxmate.fr\/en\/wp-json\/wp\/v2\/pages\/4790\/revisions\/4844"}],"wp:attachment":[{"href":"https:\/\/www.toxmate.fr\/en\/wp-json\/wp\/v2\/media?parent=4790"}],"curies":[{"name":"wp","href":"https:\/\/api.w.org\/{rel}","templated":true}]}}