{"id":4439,"date":"2022-11-25T16:36:29","date_gmt":"2022-11-25T15:36:29","guid":{"rendered":"https:\/\/www.toxmate.fr\/?page_id=4439"},"modified":"2023-02-24T14:17:11","modified_gmt":"2023-02-24T13:17:11","slug":"nos-references","status":"publish","type":"page","link":"https:\/\/www.toxmate.fr\/en\/nos-references\/","title":{"rendered":"Our references"},"content":{"rendered":"<div  data-label=\"Clients\" data-id=\"clients--1\" data-export-id=\"clients-4\" data-category=\"clients\" class=\"clients-4 content-section content-section-spacing-small\" id=\"clients-1\" style=\"background-color: rgb(255, 255, 255);\"><div  class=\"gridContainer\"> <div  class=\"row\"><div  data-type=\"column\" class=\"section-title-col\"> <h2  class=\"font-700\">They trust us!<span  id=\"_mce_caret\" data-mce-bogus=\"1\" data-mce-type=\"format-caret\"><span  style=\"font-weight: 900;\"><\/span><\/span><\/h2> <p  class=\"lead\"><span  style=\"font-weight: 600;\">Agglomerations, Local authorities<\/span><\/p><\/div> <\/div> <div  data-type=\"row\" class=\"row spaced-cols middle-xs center-xs space-bottom padding-lr\"> <div  class=\"col-xs-6 col-sm-2\"> <img decoding=\"async\"  src=\"https:\/\/www.toxmate.fr\/wp-content\/uploads\/2023\/02\/Logo-Chartres-Eau.jpg\" class=\"\" alt=\"Logo Chartres eau \" title=\"Chartres water logo \"><\/div> <div  class=\"col-xs-6 col-sm-2\"> <img decoding=\"async\"  src=\"https:\/\/www.toxmate.fr\/wp-content\/uploads\/2022\/11\/Logo_epernay-agglo-champagne.jpg\" class=\"\" alt=\"Logo_epernay-agglo-champagne\" title=\"Logo_epernay-agglo-champagne\"><\/div> <div  class=\"col-xs-6 col-sm-2\"> <img decoding=\"async\"  src=\"https:\/\/www.toxmate.fr\/wp-content\/uploads\/2022\/11\/Logo_Grand_Lyon.png\" class=\"\" alt=\"Logo_Grand_Lyon\" title=\"Logo_Grand_Lyon\"><\/div> <div  class=\"col-xs-6 col-sm-2\"> <img decoding=\"async\"  src=\"https:\/\/www.toxmate.fr\/wp-content\/uploads\/2022\/11\/Logo_Grand_Reims.svg\" class=\"\" alt=\"Logo_Grand_Reims\" title=\"Logo_Grand_Reims\"><\/div> <div  class=\"col-xs-6 col-sm-2\"> <img decoding=\"async\"  src=\"https:\/\/www.toxmate.fr\/wp-content\/uploads\/2022\/11\/ville-de-Laon-logo.jpg\" class=\"\" alt=\"ville-de-Laon logo\" title=\"ville-de-Laon logo\"><\/div> <div  class=\"col-xs-6 col-sm-2\"> <img decoding=\"async\"  src=\"https:\/\/www.toxmate.fr\/wp-content\/uploads\/2022\/11\/LogoLuneville.png\" class=\"\" alt=\"Logo_Luneville\" title=\"Logo_Luneville\"><\/div> <div  class=\"col-xs-6 col-sm-2\"> <img decoding=\"async\"  src=\"https:\/\/www.toxmate.fr\/wp-content\/uploads\/2022\/11\/Nevers_Agglom\u00e9ration.jpg\" class=\"\" alt=\"Nevers_Agglom\u00e9ration\" title=\"Nevers_Agglomeration\"><\/div><div  class=\"col-xs-6 col-sm-2\"> <img decoding=\"async\"  src=\"https:\/\/www.toxmate.fr\/wp-content\/uploads\/2022\/11\/Ville-de-poitiers-logo.jpg\" class=\"\" alt=\"Ville de poitiers logo\" title=\"City of Poitiers logo\"><\/div><div  class=\"col-xs-6 col-sm-2\"> <img decoding=\"async\"  src=\"https:\/\/www.toxmate.fr\/wp-content\/uploads\/2022\/11\/Logo_Ville_Versailles.png\" class=\"\" alt=\"Logo_Ville_Versailles\" title=\"Logo_City_Versailles\"><\/div><\/div><\/div> <\/div><div  data-label=\"Clients\" data-id=\"clients--2\" data-export-id=\"clients-4\" data-category=\"clients\" class=\"clients-4 content-section content-section-spacing-small\" id=\"clients-2\" style=\"background-color: rgb(245, 250, 253);\"><div  class=\"gridContainer\"> <div  class=\"row\"><div  data-type=\"column\" class=\"section-title-col\">  <p  class=\"lead\"><span  style=\"font-weight: 600;\">Industries<\/span><\/p><\/div> <\/div> <div  data-type=\"row\" class=\"row spaced-cols middle-xs center-xs space-bottom padding-lr\">  <div  class=\"col-xs-6 col-sm-2\"> <img decoding=\"async\"  src=\"https:\/\/www.toxmate.fr\/wp-content\/uploads\/2022\/11\/Logo-TIL.jpg\" class=\"\" alt=\"\" title=\"Logo Teintures et Impressions de Lyon\"><\/div> <div  class=\"col-xs-6 col-sm-2\"> <img decoding=\"async\"  src=\"https:\/\/www.toxmate.fr\/wp-content\/uploads\/2022\/11\/Silac-Industrie-logo.png\" class=\"\" alt=\"\" title=\"Silac Industrie logo\"><\/div> <div  class=\"col-xs-6 col-sm-2\"> <img decoding=\"async\"  src=\"https:\/\/www.toxmate.fr\/wp-content\/uploads\/2022\/11\/Solvay-France-logo.png\" class=\"\" alt=\"\" title=\"Solvay France logo\"><\/div>   <\/div><\/div> <\/div><div  data-label=\"Clients\" data-id=\"clients--3\" data-export-id=\"clients-4\" data-category=\"clients\" class=\"clients-4 content-section content-section-spacing-small\" id=\"clients-3\" style=\"background-color: rgb(255, 255, 255);\"><div  class=\"gridContainer\"> <div  class=\"row\"><div  data-type=\"column\" class=\"section-title-col\">  <p  class=\"lead\"><span  style=\"font-weight: 600;\">Operators<\/span><br ><span  id=\"_mce_caret\" data-mce-bogus=\"1\" data-mce-type=\"format-caret\"><span  style=\"font-weight: 600;\"><\/span><\/span><\/p><\/div> <\/div> <div  data-type=\"row\" class=\"row spaced-cols middle-xs center-xs space-bottom padding-lr\">  <div  class=\"col-xs-6 col-sm-2\"> <img decoding=\"async\"  src=\"https:\/\/www.toxmate.fr\/wp-content\/uploads\/2022\/11\/Aqualter-logo.jpg\" class=\"\" alt=\"\" title=\"aqualter logo\"><\/div> <div  class=\"col-xs-6 col-sm-2\"> <img decoding=\"async\"  src=\"https:\/\/www.toxmate.fr\/wp-content\/uploads\/2022\/11\/EPTB-Eaux-et-Vilaine-logo.jpg\" class=\"\" alt=\"EPTB Eaux et Vilaine logo\" title=\"EPTB Eaux et Vilaine logo\"><\/div><div  class=\"col-xs-6 col-sm-2\"> <img decoding=\"async\"  src=\"https:\/\/www.toxmate.fr\/wp-content\/uploads\/2022\/11\/saur_france_logo_RGB-1.png\" class=\"\" alt=\"\" title=\"saur_france_logo_RGB\"><\/div> <div  class=\"col-xs-6 col-sm-2\"> <img decoding=\"async\"  src=\"https:\/\/www.toxmate.fr\/wp-content\/uploads\/2022\/11\/logo-siaap-3.png\" class=\"\" alt=\"logo-Siaap\" title=\"logo-Siaap\"><\/div><div  class=\"col-xs-6 col-sm-2\"> <img decoding=\"async\"  src=\"https:\/\/www.toxmate.fr\/wp-content\/uploads\/2022\/11\/Logo_Suez_2016.png\" class=\"\" alt=\"\" title=\"Logo_Suez\"><\/div> <div  class=\"col-xs-6 col-sm-2\"> <img decoding=\"async\"  src=\"https:\/\/www.toxmate.fr\/wp-content\/uploads\/2022\/11\/VEOLIA_EAU_logo.jpg\" class=\"\" alt=\"\" title=\"VEOLIA_EAU_logo\"><\/div>  <\/div><\/div> <\/div><div  data-label=\"Testimonials\" data-id=\"testimonials--1\" data-export-id=\"testimonials-5\" data-category=\"testimonials\" class=\"testimonials-5 content-section content-section-spacing\" id=\"testimonials-1\" style=\"background-color: rgb(245, 250, 253);\"><div  class=\"gridContainer\"> <div  class=\"row\"><div  data-type=\"column\" class=\"section-title-col\"> <h2  class=\"\">Our customers talk about ToxMate<\/h2> <\/div> <\/div> <div  class=\"row spaced-cols content-center-sm\" data-type=\"row\"> <div  class=\"col-sm-4\"> <div  class=\"card y-move bordered\" data-type=\"column\"> <i  class=\"fa fa-quote-right icon color1 small quotation-icon\"><\/i> <p  class=\"text-center\">ToxMate helped us to obtain our pumping authorisation, as a derogation, since we ensure the good quality of our discharge water, which represents 70% of the volume, before returning to the natural environment.<\/p>  <h6  class=\"\">Jean-Michel Bertrand<\/h6> <p  class=\"small italic\"><span  style=\"font-weight: 400;\">CEO<\/span><br ><span  style=\"font-weight: 400;\">\nTeintures et Impressions de Lyon<\/span><\/p><\/div> <\/div> <div  class=\"col-sm-4\"> <div  class=\"card y-move bordered\" data-type=\"column\"> <i  class=\"fa fa-quote-right icon color1 small quotation-icon\"><\/i> <p  class=\"text-center\">When Toxmate is placed at the inlet of the plant, we can see the micropollutants coming in. It does not detect any at the outlet of the plant. This shows our performance in capturing and treating them.<\/p>  <h6  class=\"\">David Verhille<\/h6> <p  class=\"small italic\"><span  style=\"font-weight: 400;\">Director of the Bourgogne Centre territory at Veolia - WWTP  Nevers-les-Saulaies<\/span><span  id=\"_mce_caret\" data-mce-bogus=\"1\" data-mce-type=\"format-caret\"><span  style=\"font-weight: 400;\"><\/span><\/span><\/p><\/div> <\/div> <div  class=\"col-sm-4\"> <div  class=\"card y-move bordered\" data-type=\"column\"> <i  class=\"fa fa-quote-right icon color1 small quotation-icon\"><\/i> <p  class=\"text-center\">The subject of water quality is of major importance in our time. The treatment of wastewater must be irreproachable in order to respect biodiversity and the quality of the water in the Eure. The Toxmate tool provides us with additional security and accompanies the agents of the Mare Corbonne wastewater treatment plant on a daily basis.<\/p>  <h6  class=\"\">Alain Bellamy<\/h6> <p  class=\"small italic\"><span  style=\"font-weight: 400;\">Vice-president of Chartres M\u00e9tropole in charge of&nbsp;<\/span><span  style=\"font-weight: 400;\">Drinking Water and Sanitation<\/span><\/p><\/div> <\/div><\/div> <\/div><\/div><div  data-label=\"Portfolio\" data-id=\"portfolio--1\" data-export-id=\"portfolio-3\" data-category=\"portfolio\" class=\"portfolio-3 content-section content-section-spacing\" id=\"portfolio-1\" style=\"background-color: rgb(255, 255, 255);\"><div  class=\"gridContainer\"> <div  class=\"row text-center\"><div  class=\"section-title-col\" data-type=\"column\">  <\/div> <\/div> <div  class=\"row spaced-cols space-bottom\" data-type=\"row\"> <div  class=\"col-xs-12 col-sm-4 text-center\"> <div  class=\"card no-padding bottom-border-color1 no-shadow\"> <div  data-hover-fx=\"portfolio-3\" class=\"contentswap-effect\"> <div  class=\"initial-image\"> <img decoding=\"async\"  data-size=\"500x333\" src=\"https:\/\/www.toxmate.fr\/wp-content\/uploads\/2022\/12\/cropped-TIL-Reportage-video-202211-1.png\"><\/div> <div  class=\"overlay bg-color6\"><\/div> <div  class=\"swap-inner col-xs-12\"> <div  class=\"row full-height-row middle-xs middle-sm\"> <div  class=\"col-xs-12 text-center content-holder\"> <a  class=\"button small color2\" href=\"https:\/\/www.youtube.com\/watch?v=8uMzf7oA5QM&amp;list=PL2Y1PA_QgQUjGeMdsMO44GnVSRkl8t8Rw&amp;t=1s\" target=\"lightbox\" data-cp-link=\"1\" data-icon=\"\"><span  class=\"button-icon fa\"><\/span>See<\/a><\/div> <\/div><\/div> <\/div> <div  class=\"space-bottom space-top col-xs-12\" data-type=\"column\"> <h4  class=\"\">TIL - Dyes and Prints<br >\nof Lyon<\/h4> <\/div> <\/div><\/div> <div  class=\"col-xs-12 col-sm-4 text-center\"><div  class=\"card no-padding bottom-border-color1 no-shadow\"> <div  data-hover-fx=\"portfolio-3\" class=\"contentswap-effect\"><div  class=\"initial-image\"> <img decoding=\"async\"  data-size=\"500x333\" src=\"https:\/\/www.toxmate.fr\/wp-content\/uploads\/2022\/12\/cropped-Chartres-M\u00e9tropole-Video-202212-1.png\"><\/div> <div  class=\"overlay bg-color6\"><\/div> <div  class=\"swap-inner col-xs-12\"> <div  class=\"row full-height-row middle-xs middle-sm\"> <div  class=\"col-xs-12 text-center content-holder\"> <a  class=\"button small color2\" href=\"https:\/\/www.youtube.com\/watch?v=TlDqV58G3tE&amp;list=PL2Y1PA_QgQUh7hYBoZ9nTyWd4Pond1L5k&amp;t=2s\" target=\"lightbox\" data-cp-link=\"1\" data-icon=\"\"><span  class=\"button-icon fa\"><\/span>See<\/a><\/div> <\/div><\/div> <\/div> <div  class=\"space-bottom space-top col-xs-12\" data-type=\"column\"> <h4  class=\"\">Chartres Metropole<br >\nMare Corbonne Station<\/h4> <\/div> <\/div><\/div>  <\/div> <div  class=\"row\"> <div  data-type=\"column\" class=\"col-xs-12 text-center\"> <\/div> <\/div><\/div> <\/div>","protected":false},"excerpt":{"rendered":"<p>Ils nous font confiance !\ufeff Agglom\u00e9rations, Collectivit\u00e9s territoriales Industries R\u00e9gies et Exploitants\ufeff Nos clients parlent de ToxMate ToxMate a contribu\u00e9 \u00e0 l\u2019obtention de notre autorisation de pompage, \u00e0 titre d\u00e9rogatoire, puisque nous nous assurons de la bonne qualit\u00e9 de nos eaux de rejets, qui repr\u00e9sentent 70% du volume, avant retour dans le milieu naturel. Jean-Michel&hellip; <br \/> <a class=\"read-more\" href=\"https:\/\/www.toxmate.fr\/en\/nos-references\/\">Read more<\/a><\/p>","protected":false},"author":2,"featured_media":0,"parent":0,"menu_order":0,"comment_status":"closed","ping_status":"closed","template":"pro\/page-templates\/full-width-page.php","meta":{"inline_featured_image":false,"footnotes":""},"class_list":["post-4439","page","type-page","status-publish","hentry"],"aioseo_notices":[],"_links":{"self":[{"href":"https:\/\/www.toxmate.fr\/en\/wp-json\/wp\/v2\/pages\/4439","targetHints":{"allow":["GET"]}}],"collection":[{"href":"https:\/\/www.toxmate.fr\/en\/wp-json\/wp\/v2\/pages"}],"about":[{"href":"https:\/\/www.toxmate.fr\/en\/wp-json\/wp\/v2\/types\/page"}],"author":[{"embeddable":true,"href":"https:\/\/www.toxmate.fr\/en\/wp-json\/wp\/v2\/users\/2"}],"replies":[{"embeddable":true,"href":"https:\/\/www.toxmate.fr\/en\/wp-json\/wp\/v2\/comments?post=4439"}],"version-history":[{"count":9,"href":"https:\/\/www.toxmate.fr\/en\/wp-json\/wp\/v2\/pages\/4439\/revisions"}],"predecessor-version":[{"id":4721,"href":"https:\/\/www.toxmate.fr\/en\/wp-json\/wp\/v2\/pages\/4439\/revisions\/4721"}],"wp:attachment":[{"href":"https:\/\/www.toxmate.fr\/en\/wp-json\/wp\/v2\/media?parent=4439"}],"curies":[{"name":"wp","href":"https:\/\/api.w.org\/{rel}","templated":true}]}}