{"id":3589,"date":"2022-02-08T14:11:22","date_gmt":"2022-02-08T13:11:22","guid":{"rendered":"https:\/\/www.toxmate.fr\/?page_id=3589"},"modified":"2022-12-12T11:55:13","modified_gmt":"2022-12-12T10:55:13","slug":"collectivites-territoriales","status":"publish","type":"page","link":"https:\/\/www.toxmate.fr\/en\/collectivites-territoriales\/","title":{"rendered":"Local authorities"},"content":{"rendered":"<div  data-label=\"Overlappable\" data-id=\"overlappable--1\" data-export-id=\"overlappable-2\" data-category=\"overlappable\" class=\"overlappable-2 content-section content-section-spacing content-relative\" data-overlap=\"true\" id=\"overlappable-1\" style=\"background-color: rgb(0, 107, 153); background-image: none;\" data-section-ov=\"1\"><div  class=\"section-separator-top\">\r\n    <svg  xmlns=\"http:\/\/www.w3.org\/2000\/svg\" viewbox=\"0 0 1000 100\" preserveaspectratio=\"none\" data-separator-name=\"waves\" class=\"section-separator-top\">\r\n\t<path  class=\"svg-white-bg\" d=\"M421.9,6.5c22.6-2.5,51.5,0.4,75.5,5.3c23.6,4.9,70.9,23.5,100.5,35.7c75.8,32.2,133.7,44.5,192.6,49.7\tc23.6,2.1,48.7,3.5,103.4-2.5c54.7-6,106.2-25.6,106.2-25.6V0H0v30.3c0,0,72,32.6,158.4,30.5c39.2-0.7,92.8-6.7,134-22.4\tc21.2-8.1,52.2-18.2,79.7-24.2C399.3,7.9,411.6,7.5,421.9,6.5z\"><\/path>\r\n<\/svg>\r\n<\/div><div  class=\"gridContainer\"> <div  class=\"row middle-sm shadow-medium bg-color-white\"><div  class=\"col-xs-12 col-sm-4 top-sm col-padding col-padding-xs\" data-type=\"column\"> <h3  class=\"font-300\"><span  style=\"font-weight: 900;\">News<\/span><\/h3> <p  class=\"\"><span  style=\"font-weight: 600;\">The \"innovative purchasing\" scheme is being continued.<\/span>\r\n<br ><span  style=\"font-weight: 400;\">Decree no. 2021-1634 of December 13, 2021 on innovative purchasing and various other public procurement provisions was published in the Official Journal of December 15, 2021.<\/span><\/p> <\/div> <div  class=\"col-xs-12 col-sm-8\"><div  data-type=\"row\" class=\"row\"> <div  class=\"col-xs-12 col-sm-6 col-padding col-padding-small-xs\"> <h5  class=\"\">Decree n\u00b0 2021-1634 of December 13, 2021<\/h5> <p  class=\"\"><span  style=\"font-weight: 400;\">The text perpetuates the experimental system, in place for a period of three years, allowing buyers to award, without prior advertising or competitive bidding, contracts for innovative works, supplies or services of less than 100,000 euros excluding tax.<\/span><\/p><a  class=\"link\" href=\"https:\/\/www.legifrance.gouv.fr\/jorf\/id\/JORFTEXT000044487851\" target=\"_blank\" data-cp-link=\"1\">Reference text<\/a><\/div> <div  class=\"col-xs-12 col-sm-6 col-padding col-padding-small-xs\"> <h5  class=\"\">Press release \"innovative purchasing<\/h5> <p  class=\"\"><span  style=\"font-weight: 400;\">Public procurement: the exemption from competitive bidding has been made permanent for innovative purchases under \u20ac100,000.\r\n<\/span><\/p><a  class=\"link\" href=\"https:\/\/www.toxmate.fr\/wp-content\/uploads\/2022\/02\/CP_Decret_Achats_innovants3.pdf\" target=\"_blank\" data-cp-link=\"1\">Read the press release<\/a><\/div> <div  class=\"col-xs-12 col-sm-6 col-padding col-padding-small-xs\"> <h5  class=\"\">Practical guide to innovative public purchasing<\/h5> <p  class=\"\"><span  style=\"font-weight: 400;\">\"Taking innovation into account in public procurement is a major new area of progress, in a context of<\/span><br ><span  style=\"font-weight: 400;\">\r\nThe dual logic of continuous improvement of public services and optimization of expenditure.<\/span><span  style=\"font-weight: 400;\">&nbsp;\"<\/span><\/p><a  class=\"link\" href=\"http:\/\/support.viewpoint.fr\/download\/upload_tox\/guide_pratique_achat_public_innovant.pdf\" target=\"_blank\" data-cp-link=\"1\">Download the guide<\/a><\/div>  <\/div><\/div> <\/div><\/div> <\/div><div  data-label=\"Content\" data-id=\"content--2\" data-export-id=\"content-5-2\" data-category=\"content\" class=\"content-5-2 content-section content-section-spacing\" id=\"content-2\" style=\"background-color: rgb(245, 250, 253);\"><div  class=\"gridContainer\"> <div  class=\"row text-center\"><div  class=\"section-title-col\" data-type=\"column\"> <h2  class=\"\">Competences and challenges of local authorities in water management<\/h2> <p  class=\"lead\"><span  style=\"font-weight: 400;\">Since January 1, 2020, water and sanitation competencies have been transferred to the intermunicipal authorities, which now assume the role of water organizing authorities.<\/span><\/p><p  class=\"\" style=\"text-align: left;\">\r\n<br ><span  style=\"font-weight: 400;\">The inter-municipalization of drinking water and sanitation services, undertaken since 2015 and the NOTRe law, has upset the territorial organization of water management. If the Ferrand-Fesneau laws of August 3, 2018 and Engagement et Proximit\u00e9 of December 27, 2019 bring relaxations to this obligation, it has never been questioned in its principle.<\/span><br ><span  style=\"font-weight: 400;\">As a reminder, since January 1, 2020, all metropolises, urban communities and agglomeration communities have had their drinking water, sanitation and urban rainwater responsibilities transferred to them. The Ferrand-Fesneau law allowed communities of communes to postpone the transfer until January 1, 2026 at the latest in the event of a blocking minority. The Commitment and Proximity Law also allowed the maintenance of unions that are entirely included in the perimeter of a single EPCI<\/span><\/p><\/div> <\/div> <div  class=\"row middle-sm\"> <div  class=\"col-sm-6 flexbox around-xs top-xs\"> <div  class=\"overlay-box flexbox middle-xs center-xs overlay-holder\"> <div  class=\"overlay-box-offset offset-background shadow-medium bg-color2 hide-xs\"><\/div> <img decoding=\"async\"  class=\"flexbox shadow-large img1\" data-size=\"485x632\" src=\"https:\/\/www.toxmate.fr\/wp-content\/uploads\/2021\/12\/Collectivit\u00e9s-4.png\" alt=\"Illustration collectivit\u00e9s territoriales\" title=\"Communities 4\"><\/div> <\/div> <div  class=\"col-sm-6 space-bottom-xs\"> <div  class=\"row space-bottom content-holder\" data-type=\"column\"> <h3  class=\"color2\"><span  style=\"text-decoration: underline;\"><span  style=\"font-weight: 700;\">Skills<\/span><\/span><\/h3> <p  class=\"\">The local authorities are thus responsible for :<\/p><\/div> <div  class=\"row space-bottom\" data-type=\"row\"><div  class=\"col-sm-6 space-bottom\"> <i  class=\"fa icon fa-codepen medium color1\"><\/i> <h5  class=\"\">WATER RESOURCE MANAGEMENT<\/h5> <p  class=\"\">Define a project and translate it into coherent and measurable objectives<\/p><\/div> <div  class=\"col-sm-6\"><i  class=\"fa icon fa-codepen medium color1\"><\/i> <h5  class=\"\">FINANCING<\/h5> <p  class=\"\">Define an action strategy with funding and pricing policy<\/p><\/div> <div  class=\"col-sm-6 space-bottom\"><i  class=\"fa icon fa-codepen medium color1\"><\/i> <h5  class=\"\">EVALUATION OF THE SERVICE<\/h5> <p  class=\"\">Monitor the performance of the public or private operator<\/p><\/div> <div  class=\"col-sm-6\"><i  class=\"fa icon fa-codepen medium color1\"><\/i> <h5  class=\"\">MOBILIZATION OF CITIZENS<\/h5> <p  class=\"\">Make them aware of water management issues.<\/p><\/div> <\/div><\/div> <\/div><\/div> <\/div><div  data-label=\"Content\" data-id=\"content--5\" data-export-id=\"content-5\" data-category=\"content\" class=\"content-5 content-section content-section-spacing\" id=\"content-5\" style=\"background-color: rgb(245, 250, 253);\"><div  class=\"gridContainer\"> <div  class=\"row text-center\"><div  class=\"section-title-col\" data-type=\"column\">  <\/div> <\/div> <div  class=\"row middle-sm\"> <div  class=\"col-sm-6 space-bottom-xs\"> <div  class=\"row space-bottom content-holder\" data-type=\"column\"> <h3  class=\"color2\"><span  style=\"text-decoration: underline;\"><span  style=\"font-weight: 700;\">Your issues<\/span><\/span><\/h3> <p  class=\"\"><span  style=\"font-weight: 400;\">ViewPoint helps you meet your challenges with ToxMate, a water biomonitoring station<\/span><\/p><\/div> <div  class=\"row space-bottom\" data-type=\"row\"> <div  class=\"col-sm-6\"><i  class=\"fa icon fa-codepen medium color1\"><\/i> <h5  class=\"\"><span  style=\"text-decoration: underline;\">PRESERVING HEALTH AND BIODIVERSITY<\/span><\/h5> <p  class=\"\"><span  style=\"font-weight: 400;\">A micropollutant detection station based on the behavioral response of macroinvertebrates, Toxmate measures the impact of potential contaminants on health and the environment.<\/span><\/p><\/div> <div  class=\"col-sm-6 space-bottom\"> <i  class=\"fa icon fa-codepen medium color1\"><\/i> <h5  class=\"\"><a  data-mce-href=\"?page_id=3589#content-4\" href=\"https:\/\/www.toxmate.fr\/en\/?page_id=3589#content-4\" target=\"_self\" data-mce-selected=\"inline-boundary\" data-cp-link=\"1\">GUARANTEEING THE QUALITY OF DRINKING WATER<\/a><\/h5> <p  class=\"\"><span  style=\"font-weight: 400;\">ToxMate, early warning station, ensures the continuous monitoring of water quality, and assists you in establishing the <a  data-mce-href=\"?page_id=3589#content-6\" href=\"https:\/\/www.toxmate.fr\/en\/collectivites-territoriales\/?page_id=3589#content-6\" target=\"_self\" data-mce-selected=\"inline-boundary\" data-cp-link=\"1\">PGSSE.<\/a><\/span><\/p><\/div><div  class=\"col-sm-6 space-bottom\"><i  class=\"fa icon fa-codepen medium color1\"><\/i> <h5  class=\"\"><span  style=\"text-decoration: underline;\">MANAGE THE FINANCIAL IMPACTS<\/span><\/h5> <p  class=\"\"><span  style=\"font-weight: 400;\">ToxMate is a tool for managing your tertiary treatments, allowing better quality control and cost reduction.<\/span><\/p><\/div> <div  class=\"col-sm-6\"><i  class=\"fa icon fa-codepen medium color1\"><\/i> <h5  class=\"\"><span  style=\"text-decoration: underline;\">EVALUATE THE PERFORMANCE OF THE SERVICE<\/span><\/h5> <p  class=\"\"><span  style=\"font-weight: 400;\">With the ability to detect in real time any problem, upstream and downstream of a tertiary treatment, ToxMate is a tool for evaluating the services provided by the manager.<\/span><\/p><\/div> <\/div><\/div> <div  class=\"col-sm-6 flexbox around-xs top-xs space-bottom-xs\"><div  class=\"overlay-box flexbox middle-xs center-xs overlay-holder\"> <div  class=\"overlay-box-offset offset-background shadow-medium bg-color2 hide-xs\"><\/div> <img decoding=\"async\"  class=\"flexbox shadow-large img1\" data-size=\"485x632\" src=\"https:\/\/www.toxmate.fr\/wp-content\/uploads\/2022\/02\/cropped-Collectivit\u00e9s-2.png\" alt=\"\" title=\"cropped-Communities-2.png\"><\/div> <\/div><\/div> <\/div><\/div><div  data-label=\"Content\" data-id=\"content--6\" data-export-id=\"content-7\" data-category=\"content\" class=\"content-7 content-section content-section-spacing\" id=\"content-6\" style=\"background-color: rgb(255, 255, 255);\"><div  class=\"gridContainer\"> <div  class=\"row middle-sm\"><div  class=\"col-sm-6 space-bottom-xs\" data-type=\"column\"> <h2  class=\"\">SSMP: Ensuring Safety \r\n<br >drinking water sanitation<\/h2> <p  class=\"\"><span  style=\"font-weight: 600;\">European regulations will make it compulsory for drinking water production and distribution services to draw up Water Safety Management Plans (WSMP). The governance of the WSSMPs is the responsibility of the local authorities as service organizing authorities.\r\n<\/span><br >\r\n<span  style=\"font-weight: 400;\">The WSSMP is a comprehensive approach to ensuring the safety of the water supply for human consumption at all times.<\/span><br ><span  style=\"font-weight: 400;\">\r\nTo ensure the safety of drinking water, all stages of its production must be verified from the water resource, catchment, treatment and distribution to the consumer's tap.\r\n<\/span><br ><br ><span  style=\"font-weight: 400;\">\r\nThis continuous improvement approach is based on the implementation of preventive and corrective measures aimed at reducing the risks of water quality degradation throughout the drinking water supply chain.<\/span><br ><span  style=\"font-weight: 400;\">\r\nIt involves the collection and processing of a large amount of data in order to produce indicators for steering and monitoring efficiency. This data concerns the technical system itself (assets, equipment, instrumentation, etc.), elements related to environmental conditions (pressure, water deficit, etc.), but also operating feedback (incidents, pollution episodes, complaints, etc.).<\/span><\/p> <\/div> <div  class=\"col-sm-6\" data-type=\"column\"> <img decoding=\"async\"  class=\"shadow-large\" src=\"https:\/\/www.toxmate.fr\/wp-content\/uploads\/2022\/01\/PGSSE-raisons-de-mise-en-place.png\" alt=\"PGSSE raisons de mise en place\" title=\"SSMP reasons for implementation\"><p  class=\"\" style=\"text-align: right;\"><span  style=\"font-style: italic; font-weight: 400;\">Source : Hydreos<\/span><\/p><\/div> <\/div><\/div> <\/div><div  data-label=\"Features\" data-id=\"features--1\" data-export-id=\"features-16-card-bordered\" data-category=\"features\" class=\"features-16-card-bordered content-section content-section-spacing\" id=\"features-1\" style=\"background-color: rgb(245, 250, 253);\"><div  class=\"gridContainer\"> <div  class=\"row text-center\"><div  class=\"section-title-col\" data-type=\"column\"> <h2  class=\"\">The ToxMate solution<\/h2> <p  class=\"lead\" style=\"text-align: center;\"><span  style=\"font-weight: 600;\">A multi-species biomonitoring station, ToxMate provides continuous, real-time monitoring of the overall state of the water. The three species of aquatic invertebrates present in the station react to a wide variety of micropollutants and are reliable and efficient bioindicators of overall water quality.<\/span><\/p><\/div> <\/div> <div  class=\"row spaced-cols\" data-type=\"row\"> <div  class=\"col-xs-12 col-sm-6 col-md-4\"> <div  class=\"card no-padding bordered y-move\"> <img decoding=\"async\"  class=\"face\" src=\"https:\/\/www.toxmate.fr\/wp-content\/uploads\/2022\/01\/ToxMate-haut.jpg\" alt=\"\" title=\"ToxMate high\"> <div  data-type=\"column\" class=\"col-padding-small col-padding-small-xs description-container\"> <h4  class=\"font-500\"><span  style=\"color: rgb(0, 107, 153); font-weight: 600;\">Real-time detection of micropollutants<\/span><\/h4> <p  class=\"\"><span  style=\"font-weight: 400;\">Implanted on site, ToxMate ensures a follow-up of the load in micropollutants, in real time, 24 hours a day<\/span><\/p><\/div> <div  data-type=\"column\" class=\"col-padding-small col-padding-small-xs read-more-container\"><\/div> <\/div><\/div> <div  class=\"col-xs-12 col-sm-6 col-md-4\"><div  class=\"card no-padding bordered y-move\"> <img decoding=\"async\"  class=\"face\" src=\"https:\/\/www.toxmate.fr\/wp-content\/uploads\/2022\/01\/cropped-7-3.png\" alt=\"\" title=\"cropped-7-3.png\"> <div  data-type=\"column\" class=\"col-padding-small col-padding-small-xs description-container\"> <h4  class=\"font-500\"><span  style=\"color: rgb(0, 107, 153); font-weight: 600;\">Immediate alerts and supervision service<\/span><\/h4> <p  class=\"\"><span  style=\"font-weight: 400;\">If micropollutants are detected, an online alert is triggered to the site manager and a telephone contact is made by the ViewPoint monitoring service.<\/span><\/p><\/div> <div  data-type=\"column\" class=\"col-padding-small col-padding-small-xs read-more-container\"><\/div> <\/div><\/div> <div  class=\"col-xs-12 col-sm-6 col-md-4\"><div  class=\"card no-padding bordered y-move\"> <img decoding=\"async\"  class=\"face\" src=\"https:\/\/www.toxmate.fr\/wp-content\/uploads\/2022\/01\/cropped-Pr\u00e9sentation-ToxMate-3.png\" alt=\"\" title=\"cropped-Presentation-ToxMate-3.png\"> <div  data-type=\"column\" class=\"col-padding-small col-padding-small-xs description-container\"> <h4  class=\"font-500\"><span  style=\"font-weight: 600; color: rgb(0, 107, 153);\">Support in the management of your drinking water treatment plant<\/span><\/h4> <p  class=\"\"><span  style=\"font-weight: 400;\">Thanks to the real-time monitoring provided by ToxMate, you have an early warning tool, allowing you to adjust your actions quickly.<\/span><br ><span  style=\"font-weight: 400;\">\r\nThe data collected is used to identify recurrent episodes of chemical contamination and to better manage treatments.<\/span><\/p><\/div> <div  data-type=\"column\" class=\"col-padding-small col-padding-small-xs read-more-container\"><\/div> <\/div><\/div> <\/div><\/div> <\/div><div  data-label=\"Cta\" data-id=\"cta--1\" data-export-id=\"cta-centered-bg-section\" data-category=\"cta\" data-section-ov=\"1\" class=\"cta-centered-bg-section content-section content-section-spacing-medium white-text\" data-parallax-depth=\"20\" id=\"cta-1\" style=\"background-color: rgb(255, 255, 255); background-image: url(&quot;https:\/\/www.toxmate.fr\/wp-content\/uploads\/2020\/12\/bandeau-site-pages-int\u00e9rieurs.png&quot;); background-size: cover; background-position: center top;\"><div  class=\"gridContainer\"> <div  class=\"row text-center\"><div  data-type=\"column\" class=\"\">  <a  class=\"button color2\" href=\"https:\/\/www.toxmate.fr\/en\/le-toxmate\/\" target=\"_self\" data-cp-link=\"1\" data-icon=\"\">For more information<\/a><\/div> <\/div><\/div> <\/div><div  data-label=\"Cta\" data-id=\"cta--2\" data-export-id=\"cta-centered-bg-section\" data-category=\"cta\" data-section-ov=\"1\" class=\"cta-centered-bg-section content-section content-section-spacing-medium white-text\" data-parallax-depth=\"20\" id=\"cta-2\" style=\"background-color: rgb(245, 250, 253);\"><div  class=\"gridContainer\"> <div  class=\"row text-center\"><div  data-type=\"column\" class=\"\"> <h2  class=\"\">Download the brochure dedicated to local authorities&nbsp;<\/h2> <a  class=\"button color2\" href=\"http:\/\/support.viewpoint.fr\/download\/upload_tox\/Brochure_ToxMate_Collectivites_territoriales.pdf\" target=\"_blank\" data-cp-link=\"1\" data-icon=\"\">DOWNLOAD<\/a><h2  class=\"\">Regulatory Information Bulletin -Special Local Government&nbsp;<\/h2><a  class=\"button color2\" href=\"http:\/\/support.viewpoint.fr\/download\/upload_tox\/Bulletin_d_information_Collectivites_territoriales.pdf\" target=\"_blank\" data-cp-link=\"1\" data-icon=\"\">DOWNLOAD <\/a><\/div> <\/div><\/div> <\/div>","protected":false},"excerpt":{"rendered":"<p>Actualit\u00e9s Le dispositif \u00ab&nbsp;achats innovants&nbsp;\u00bb est p\u00e9rennis\u00e9. Le d\u00e9cret n\u00b0 2021-1634 du 13 d\u00e9cembre 2021 relatif aux achats innovants et portant diverses autres dispositions en mati\u00e8re de commande publique a \u00e9t\u00e9 publi\u00e9 au Journal officiel du 15 d\u00e9cembre 2021. D\u00e9cret n\u00b0 2021-1634 du 13 d\u00e9cembre 2021 Le texte p\u00e9rennise le dispositif mis en place \u00e0&hellip; <br \/> <a class=\"read-more\" href=\"https:\/\/www.toxmate.fr\/en\/collectivites-territoriales\/\">Read more<\/a><\/p>","protected":false},"author":2,"featured_media":0,"parent":0,"menu_order":0,"comment_status":"closed","ping_status":"closed","template":"pro\/page-templates\/full-width-page.php","meta":{"inline_featured_image":false,"footnotes":""},"class_list":["post-3589","page","type-page","status-publish","hentry"],"aioseo_notices":[],"_links":{"self":[{"href":"https:\/\/www.toxmate.fr\/en\/wp-json\/wp\/v2\/pages\/3589","targetHints":{"allow":["GET"]}}],"collection":[{"href":"https:\/\/www.toxmate.fr\/en\/wp-json\/wp\/v2\/pages"}],"about":[{"href":"https:\/\/www.toxmate.fr\/en\/wp-json\/wp\/v2\/types\/page"}],"author":[{"embeddable":true,"href":"https:\/\/www.toxmate.fr\/en\/wp-json\/wp\/v2\/users\/2"}],"replies":[{"embeddable":true,"href":"https:\/\/www.toxmate.fr\/en\/wp-json\/wp\/v2\/comments?post=3589"}],"version-history":[{"count":23,"href":"https:\/\/www.toxmate.fr\/en\/wp-json\/wp\/v2\/pages\/3589\/revisions"}],"predecessor-version":[{"id":4354,"href":"https:\/\/www.toxmate.fr\/en\/wp-json\/wp\/v2\/pages\/3589\/revisions\/4354"}],"wp:attachment":[{"href":"https:\/\/www.toxmate.fr\/en\/wp-json\/wp\/v2\/media?parent=3589"}],"curies":[{"name":"wp","href":"https:\/\/api.w.org\/{rel}","templated":true}]}}