{"id":30,"date":"2020-06-16T09:32:34","date_gmt":"2020-06-16T07:32:34","guid":{"rendered":"http:\/\/toxmate.viewpoint.fr\/?page_id=30"},"modified":"2025-06-19T14:36:31","modified_gmt":"2025-06-19T12:36:31","slug":"lequipe","status":"publish","type":"page","link":"https:\/\/www.toxmate.fr\/en\/lequipe\/","title":{"rendered":"The Team"},"content":{"rendered":"<div id=\"team-1\" class=\"team-5 content-section content-section-spacing\" style=\"background-color: #f5fafd;\" data-label=\"Team\" data-id=\"team--1\" data-export-id=\"team-5\" data-category=\"team\">\n<div class=\"gridContainer\">\n<div class=\"row text-center\">\n<div class=\"section-title-col\" data-type=\"column\">\n<h2 class=\"\">The Team<\/h2>\n<p class=\"lead\"><span style=\"font-weight: 400;\">Engineers, scientists, programmers, designers, salespeople, technicians ... Our team brings together highly qualified skills from various and complementary backgrounds, fully committed to our mission.<\/span><\/p>\n\n<\/div>\n<\/div>\n<div class=\"row spaced-cols content-center-sm\" data-type=\"row\">\n<div class=\"col-xs-12 col-sm-6 col-padding col-md-4\">\n<div class=\"row\">\n<div class=\"col-xs-12 col-sm-12\" data-type=\"column\"><img decoding=\"async\" class=\"round face\" title=\"cropped-photo-DN-3-1.jpg\" src=\"https:\/\/www.toxmate.fr\/wp-content\/uploads\/2020\/06\/cropped-photo-DN-3-1.jpg\" alt=\"\" \/>\n<h4 class=\"font-500\">Didier Neuzeret<\/h4>\n<p class=\"italic\"><span style=\"font-weight: 400;\">CEO<\/span><\/p>\n<p class=\"\" style=\"text-align: center;\"><span style=\"font-weight: 400;\">CPE Lyon engineer specialized in image processing, and also trained in management at EM Lyon, he took over the management of ViewPoint in 1990. As he became aware really early of the health and environmental issues of the planet, he put his skills at the service of creation of solutions to meet these major challenges. His objective: to design products and materials to support research in the fields of health, food and the environment, for a better future.<\/span><\/p>\n\n<div class=\"social-icons-group\" data-type=\"group\"><\/div>\n<\/div>\n<\/div>\n<\/div>\n<div class=\"col-xs-12 col-sm-6 col-padding col-md-4\">\n<div class=\"row\">\n<div class=\"col-xs-12 col-sm-12\" data-type=\"column\"><\/div>\n<\/div>\n<\/div>\n<div class=\"col-xs-12 col-sm-6 col-padding col-md-4\">\n<div class=\"row\">\n<div class=\"col-xs-12 col-sm-12\" data-type=\"column\"><img decoding=\"async\" class=\"round face\" title=\"cropped-IMG_9389-1.jpg\" src=\"https:\/\/www.toxmate.fr\/wp-content\/uploads\/2020\/12\/cropped-IMG_9389-1.jpg\" alt=\"\" \/>\n<h4 class=\"font-500\">Nicholas Savals<\/h4>\n<p class=\"italic\"><span style=\"font-weight: 400;\">Sales engineer<\/span><\/p>\n<p class=\"\"><span style=\"font-weight: 400;\">Nicholas holds a Master Business Degree and has extensive experience in business development in the industrial sector. He is in charge of the commercial deployment of ToxMate in urban and industrial wastewater treatment plants (WWTP) and in drinking water stations.<\/span><\/p>\n\n<div class=\"social-icons-group\" data-type=\"group\"><\/div>\n<\/div>\n<\/div>\n<\/div>\n<div class=\"col-xs-12 col-sm-6 col-padding col-md-4\">\n<div class=\"row\">\n<div class=\"col-xs-12 col-sm-12\" data-type=\"column\"><img decoding=\"async\" class=\"round face\" title=\"cropped-Zo\u00e9-Hardoin.png\" src=\"https:\/\/www.toxmate.fr\/wp-content\/uploads\/2023\/10\/cropped-Zo\u00e9-Hardoin.png\" alt=\"\" \/>\n<div class=\"social-icons-group\" data-type=\"group\"><\/div>\n<\/div>\n<\/div>\n<\/div>\n<div class=\"col-xs-12 col-sm-6 col-padding col-md-4\">\n<div class=\"row\">\n<div class=\"col-xs-12 col-sm-12\" data-type=\"column\"><img decoding=\"async\" class=\"round face\" title=\"Photo Florian\" src=\"https:\/\/www.toxmate.fr\/wp-content\/uploads\/2020\/07\/Photo-Florian.png\" alt=\"\" \/>\n<h4 class=\"font-500\">Florian Moulin<\/h4>\n<p class=\"italic\"><span style=\"font-weight: 400;\">Product designer<\/span><\/p>\n<p class=\"\"><span style=\"font-weight: 400;\">With a degree in product and packaging design, Florian imagined and conceived the ToxMate design, to ensure robustness as well as ease of assembly and use.<\/span><\/p>\n\n<div class=\"social-icons-group\" data-type=\"group\"><\/div>\n<\/div>\n<\/div>\n<\/div>\n<div class=\"col-xs-12 col-sm-6 col-padding col-md-4\">\n<div class=\"row\">\n<div class=\"col-xs-12 col-sm-12\" data-type=\"column\"><img decoding=\"async\" class=\"round face\" title=\"cropped-photo-cl\u00e9ment.jpg\" src=\"https:\/\/www.toxmate.fr\/wp-content\/uploads\/2020\/06\/cropped-photo-cl\u00e9ment.jpg\" alt=\"\" \/>\n<h4 class=\"font-500\">Clement Grant<\/h4>\n<p class=\"italic\"><span style=\"font-weight: 400;\">Ecotoxicology Technician<\/span><\/p>\n<p class=\"\"><span style=\"font-weight: 400;\">Holding a BSc in Biological Engineering, Cl\u00e9ment installs and maintains ToxMate on site. He is also in charge of processing the toxicity data delivered by the device.<\/span><\/p>\n\n<div class=\"social-icons-group\" data-type=\"group\"><\/div>\n<\/div>\n<\/div>\n<\/div>\n<div class=\"col-xs-12 col-sm-6 col-padding col-md-4\">\n<div class=\"row\">\n<div class=\"col-xs-12 col-sm-12\" data-type=\"column\"><\/div>\n<\/div>\n<\/div>\n<div class=\"col-xs-12 col-sm-6 col-padding col-md-4\">\n<div class=\"row\">\n<div class=\"col-xs-12 col-sm-12\" data-type=\"column\"><img decoding=\"async\" class=\"round face\" title=\"Photo A Farenc 2\" src=\"https:\/\/www.toxmate.fr\/wp-content\/uploads\/2020\/06\/Photo-A-Farenc-2.png\" alt=\"\" \/>\n<h4 class=\"font-500\">Anthony Farenc<\/h4>\n<p class=\"italic\"><span style=\"font-weight: 400;\">Responsable Production<\/span><\/p>\n<p class=\"\"><span style=\"font-weight: 400;\">With a degree as an electrical technician, Anthony manages the supply and assembly of the ToxMate<\/span><\/p>\n\n<\/div>\n<img loading=\"lazy\" decoding=\"async\" class=\"alignnone size-medium wp-image-5288\" src=\"https:\/\/www.toxmate.fr\/wp-content\/uploads\/2025\/06\/Anssu-300x300.png\" alt=\"Anssu Marna\" width=\"300\" height=\"300\" srcset=\"https:\/\/www.toxmate.fr\/wp-content\/uploads\/2025\/06\/Anssu-300x300.png 300w, https:\/\/www.toxmate.fr\/wp-content\/uploads\/2025\/06\/Anssu-1024x1024.png 1024w, https:\/\/www.toxmate.fr\/wp-content\/uploads\/2025\/06\/Anssu-150x150.png 150w, https:\/\/www.toxmate.fr\/wp-content\/uploads\/2025\/06\/Anssu-768x768.png 768w, https:\/\/www.toxmate.fr\/wp-content\/uploads\/2025\/06\/Anssu-1536x1536.png 1536w, https:\/\/www.toxmate.fr\/wp-content\/uploads\/2025\/06\/Anssu-2048x2048.png 2048w, https:\/\/www.toxmate.fr\/wp-content\/uploads\/2025\/06\/Anssu-12x12.png 12w, https:\/\/www.toxmate.fr\/wp-content\/uploads\/2025\/06\/Anssu-1080x1080.png 1080w\" sizes=\"auto, (max-width: 300px) 100vw, 300px\" \/>\n<div class=\"col-xs-12 col-sm-12\" data-type=\"column\">\n<div class=\"social-icons-group\" data-type=\"group\"><strong>Anssu Marna<\/strong><\/div>\n<div data-type=\"group\"><\/div>\n<\/div>\n<\/div>\n<\/div>\n<\/div>\n<div data-type=\"group\">Sp\u00e9cialiste en maintenance industrielle, Anssu <span style=\"font-weight: 400;\">proc\u00e8de aux installations et \u00e0 la maintenance du ToxMate sur les sites de l&rsquo;Ouest et du Nord de la France, ainsi que la r\u00e9gion parisienne.<\/span><\/div>\n<\/div>\n<div data-type=\"group\"><\/div>\n<\/div>\n<div id=\"content-2\" class=\"content-19 content-section content-section-spacing white-text\" style=\"background-image: none; background-color: #006b99;\" data-label=\"Content\" data-id=\"content--2\" data-export-id=\"content-19\" data-category=\"content\">\n<div class=\"gridContainer\">\n<div class=\"row\">\n<div class=\"col-sm-6 content-col text-center content-section-spacing shadow\" data-type=\"column\">\n<p class=\"\"><span style=\"font-weight: 400;\">And of course all the support services, in IT development, marketing, administration, human resources and finance...<\/span>\n<span style=\"font-weight: 400;\">\nAll team members are working closely together, sharing their expertise, in order to develop innovative and efficient products for our customers.<\/span>\n<span style=\"font-weight: 400;\">\nWe also maintain close ties with our user community to test, optimize products, develop their functionality and create new solutions.<\/span><\/p>\n<span style=\"font-weight: bold;\">Our common goal :\n<\/span>\n\n<span style=\"font-weight: bold;\">\nSupporting the players involved in meeting the major challenges facing the planet<\/span>\n\n<\/div>\n<div class=\"col-sm-5 flexbox-strech center-xs middle-xs no-gutter-col\">\n<div class=\"flexbox middle-xs center-xs right-img\" style=\"background-image: url('https:\/\/www.toxmate.fr\/wp-content\/uploads\/2023\/03\/Our-team-website-V2.png');\" data-bg=\"image\"><\/div>\n<\/div>\n<\/div>\n<\/div>\n<\/div>","protected":false},"excerpt":{"rendered":"<p>L\u2019\u00e9quipe Ing\u00e9nieurs, scientifiques, d\u00e9veloppeurs, designers, commerciaux, techniciens\u2026 Notre \u00e9quipe regroupe des comp\u00e9tences hautement qualifi\u00e9es issues d\u2019horizons divers et compl\u00e9mentaires, pleinement engag\u00e9es dans notre mission. Didier Neuzeret PDG Ing\u00e9nieur CPE Lyon sp\u00e9cialis\u00e9 dans le traitement d\u2019image, et form\u00e9 en management \u00e0 l\u2019EM Lyon, il prend la direction de ViewPoint en 1990. Tr\u00e8s t\u00f4t conscient des probl\u00e9matiques&hellip; <br \/> <a class=\"read-more\" href=\"https:\/\/www.toxmate.fr\/en\/lequipe\/\">Read more<\/a><\/p>","protected":false},"author":2,"featured_media":0,"parent":0,"menu_order":0,"comment_status":"closed","ping_status":"closed","template":"pro\/page-templates\/full-width-page.php","meta":{"inline_featured_image":false,"footnotes":""},"class_list":["post-30","page","type-page","status-publish","hentry"],"aioseo_notices":[],"_links":{"self":[{"href":"https:\/\/www.toxmate.fr\/en\/wp-json\/wp\/v2\/pages\/30","targetHints":{"allow":["GET"]}}],"collection":[{"href":"https:\/\/www.toxmate.fr\/en\/wp-json\/wp\/v2\/pages"}],"about":[{"href":"https:\/\/www.toxmate.fr\/en\/wp-json\/wp\/v2\/types\/page"}],"author":[{"embeddable":true,"href":"https:\/\/www.toxmate.fr\/en\/wp-json\/wp\/v2\/users\/2"}],"replies":[{"embeddable":true,"href":"https:\/\/www.toxmate.fr\/en\/wp-json\/wp\/v2\/comments?post=30"}],"version-history":[{"count":65,"href":"https:\/\/www.toxmate.fr\/en\/wp-json\/wp\/v2\/pages\/30\/revisions"}],"predecessor-version":[{"id":5289,"href":"https:\/\/www.toxmate.fr\/en\/wp-json\/wp\/v2\/pages\/30\/revisions\/5289"}],"wp:attachment":[{"href":"https:\/\/www.toxmate.fr\/en\/wp-json\/wp\/v2\/media?parent=30"}],"curies":[{"name":"wp","href":"https:\/\/api.w.org\/{rel}","templated":true}]}}