{"id":3,"date":"2020-06-10T08:53:46","date_gmt":"2020-06-10T08:53:46","guid":{"rendered":"http:\/\/toxmate.viewpoint.fr\/?page_id=3"},"modified":"2022-11-18T13:37:27","modified_gmt":"2022-11-18T12:37:27","slug":"mentions-legales","status":"publish","type":"page","link":"https:\/\/www.toxmate.fr\/en\/mentions-legales\/","title":{"rendered":"Legal Notice"},"content":{"rendered":"<div  data-id=\"initial-content-section\" data-export-id=\"initial-content-section\" data-label=\"Initial Content\" id=\"initial-content-section\" class=\"content-section content-section-spacing\">\n   <div  class=\"gridContainer\">\n     <div  class=\"row\">\n\n        <div  class=\"col-xs-12 col-sm-12\">                <p ><\/p>\n<h3 >Legal information<\/h3>\n<p ><\/p>\n<p ><\/p>\n<p  class=\"has-small-font-size\">This website is the property of VIEWPOINT. All rights reserved. By accessing this site, the user acknowledges that he\/she has read the following terms and conditions and accepts them without reservation.<\/p>\n<p ><\/p>\n<p ><\/p>\n<p ><strong >EDITOR: <\/strong><\/p>\n<p ><\/p>\n<p ><\/p>\n<p  class=\"has-small-font-size\">VIEWPOINT - 67 rue Copernic - 01390 CIVRIEUX<\/p>\n<p ><\/p>\n<p ><\/p>\n<p  class=\"has-small-font-size\">SIRET : 377 610 928 000 55<\/p>\n<p ><\/p>\n<p ><\/p>\n<p  class=\"has-small-font-size\">This site is the entire property of VIEWPOINT . Any reproduction, even partial, of this site is strictly forbidden.<\/p>\n<p ><\/p>\n<p ><\/p>\n<p  class=\"has-small-font-size\">The user is notably informed, in accordance with article 27 of the French law \"Informatique, fichiers et libert\u00e9s\" of January 6, 1978, that the information he\/she communicates by answering, if he\/she wishes, to the forms present on the site allows us to answer his\/her request, and is destined to VIEWPOINT, responsible for the treatment, for administrative and commercial management purposes, unless he\/she opposes it, VIEWPOINT will thus be able to contact him\/her or send him\/her its offers&nbsp;<\/p>\n<p ><\/p>\n<p ><\/p>\n<p  class=\"has-small-font-size\">If the user does not wish to receive information or offers from VIEWPOINT or if he\/she wants to have a right of access, deletion and rectification on his\/her personal data, he\/she can write to :&nbsp; <br >VIEWPOINT - 67 rue Copernic - 01390 CIVRIEUX<\/p>\n<p ><\/p>\n<p ><\/p>\n<p ><\/p>\n<p ><\/p>\n<h3 >Protection of personal data<\/h3>\n<p ><\/p>\n<p ><\/p>\n<h4 >Personal data<\/h4>\n<p ><\/p>\n<p ><\/p>\n<p  class=\"has-small-font-size\"> VIEWPOINT is committed to preserving the confidentiality of any personal information provided online by the user. The information collected comes from the voluntary registration by the users of their e-mail address and their contact information. This information is processed by VIEWPOINT's sales department in order to respond to requests made by users in the forms on the site.<\/p>\n<p ><\/p>\n<p ><\/p>\n<p  class=\"has-small-font-size\">The recipient of the data is VIEWPOINT . In accordance with the Data Protection Act of 6 January 1978 as amended, you have the right to access, rectify, delete and oppose the processing of data concerning you. You can exercise this right by writing to the data-processing service and freedom or by contacting us.<\/p>\n<p ><\/p>\n<p ><\/p>\n<h4 >Cookies<\/h4>\n<p ><\/p>\n<p ><\/p>\n<p  class=\"has-small-font-size\"><strong >Essential and strictly necessary cookies<\/strong><\/p>\n<p ><\/p>\n<p ><\/p>\n<p  class=\"has-small-font-size\">These are cookies that are essential to the proper functioning of the site and strictly necessary to provide a service that you have expressly requested.<br >These essential cookies make it possible to memorize from one page to another the information that you communicate to us during your navigation, for example your language of use.<\/p>\n<p ><\/p>\n<p ><\/p>\n<p  class=\"has-small-font-size\"><strong >Cookies for analyzing the site's audience<\/strong><\/p>\n<p ><\/p>\n<p ><\/p>\n<p  class=\"has-small-font-size\">They allow us to establish anonymous statistics of the frequentation of the pages of our Site in order to improve the ergonomics and the contents<\/p>\n<p ><\/p>\n\n          <\/div>\n      <\/div>\n  <\/div>\n<\/div>","protected":false},"excerpt":{"rendered":"<p>Informations l\u00e9gales Ce site web est la propri\u00e9t\u00e9 de VIEWPOINT. Tous droits r\u00e9serv\u00e9s. En acc\u00e9dant \u00e0 ce site, l\u2019internaute reconna\u00eet avoir pris connaissance des dispositions ci-dessous et les accepter sans r\u00e9serve. EDITEUR : VIEWPOINT \u2013 67 rue Copernic \u2013 01390 CIVRIEUX SIRET : 377 610 928 000 55 Ce site est l\u2019enti\u00e8re propri\u00e9t\u00e9 de VIEWPOINT&hellip; <br \/> <a class=\"read-more\" href=\"https:\/\/www.toxmate.fr\/en\/mentions-legales\/\">Read more<\/a><\/p>","protected":false},"author":1,"featured_media":0,"parent":0,"menu_order":0,"comment_status":"closed","ping_status":"closed","template":"pro\/page-templates\/full-width-page.php","meta":{"inline_featured_image":false,"footnotes":""},"class_list":["post-3","page","type-page","status-publish","hentry"],"aioseo_notices":[],"_links":{"self":[{"href":"https:\/\/www.toxmate.fr\/en\/wp-json\/wp\/v2\/pages\/3","targetHints":{"allow":["GET"]}}],"collection":[{"href":"https:\/\/www.toxmate.fr\/en\/wp-json\/wp\/v2\/pages"}],"about":[{"href":"https:\/\/www.toxmate.fr\/en\/wp-json\/wp\/v2\/types\/page"}],"author":[{"embeddable":true,"href":"https:\/\/www.toxmate.fr\/en\/wp-json\/wp\/v2\/users\/1"}],"replies":[{"embeddable":true,"href":"https:\/\/www.toxmate.fr\/en\/wp-json\/wp\/v2\/comments?post=3"}],"version-history":[{"count":5,"href":"https:\/\/www.toxmate.fr\/en\/wp-json\/wp\/v2\/pages\/3\/revisions"}],"predecessor-version":[{"id":4412,"href":"https:\/\/www.toxmate.fr\/en\/wp-json\/wp\/v2\/pages\/3\/revisions\/4412"}],"wp:attachment":[{"href":"https:\/\/www.toxmate.fr\/en\/wp-json\/wp\/v2\/media?parent=3"}],"curies":[{"name":"wp","href":"https:\/\/api.w.org\/{rel}","templated":true}]}}