{"id":291,"date":"2020-06-16T10:13:59","date_gmt":"2020-06-16T08:13:59","guid":{"rendered":"http:\/\/toxmate.viewpoint.fr\/?page_id=291"},"modified":"2025-04-09T05:09:36","modified_gmt":"2025-04-09T03:09:36","slug":"accueil-2","status":"publish","type":"page","link":"https:\/\/www.toxmate.fr\/en\/","title":{"rendered":"Home"},"content":{"rendered":"<div id=\"overlappable-1\" class=\"overlappable-4 content-section content-section-spacing\" style=\"background-color: #ffffff;\" data-label=\"Overlappable\" data-id=\"overlappable--1\" data-export-id=\"overlappable-4\" data-category=\"overlappable\" data-overlap=\"true\">\n<div class=\"gridContainer\">\n<div class=\"row spaced-cols text-center\" data-type=\"row\">\n<div class=\"col-xs-12 col-sm-4 col-padding\"><i class=\"fa icon shadow-large-black aligncenter fa-institution reverse round large color2\"><\/i>\n<div class=\"\" data-type=\"column\">\n<h5 class=\"\"><a href=\"\/en\/collectivites-territoriales\/\" target=\"_self\" rel=\"noopener\" data-cp-link=\"1\">COMMUNITY ACCESS\n<\/a>\n<a href=\"\/en\/collectivites-territoriales\/\" target=\"_self\" rel=\"noopener\" data-cp-link=\"1\">TERRITORIALES [FR only]<\/a><\/h5>\n<\/div>\n<\/div>\n<div class=\"col-xs-12 col-sm-4 col-padding\">\n<div class=\"\" data-type=\"column\"><\/div>\n<\/div>\n<\/div>\n<\/div>\n<\/div>\n<div id=\"cta-1\" class=\"cta-centered-section-grid content-section content-section-spacing-medium bg-color1 white-text\" style=\"background-image: none; background-color: #006b99;\" data-label=\"Cta\" data-id=\"cta--1\" data-export-id=\"cta-centered-section-grid\" data-category=\"cta\">\n<div class=\"gridContainer\">\n<div class=\"row text-center\">\n<div class=\"col-xs-12 col-sm-10 col-sm-offset-1 col-md-8 col-md-offset-2\" data-type=\"column\">\n<h2 class=\"\"><span style=\"color: #ffffff;\">Meet our team<\/span><\/h2>\n<p class=\"\"><span style=\"color: #ffffff;\">To find out about upcoming trade fairs, conferences and events in which we will be participating:<\/span><\/p>\n<a class=\"button color2\" href=\"https:\/\/www.toxmate.fr\/en\/news\/\" target=\"_self\" rel=\"noopener\" data-cp-link=\"1\" data-icon=\"\">Click here<\/a>\n\n<\/div>\n<\/div>\n<\/div>\n<\/div>\n<div id=\"about-2\" class=\"about-3 content-section content-section-spacing\" style=\"background-color: #ffffff;\" data-label=\"About\" data-id=\"about--2\" data-export-id=\"about-3\" data-category=\"about\">\n<div class=\"gridContainer\">\n<div class=\"row\">\n<div class=\"col-sm-6 col-padding-small-xs col-sm-padding-large bg-color5 white-text content-col\" data-type=\"column\">\n<h2 class=\"\">Discover ToxMate in an<\/h2>\nanimated video\n\n<\/div>\n<div class=\"col-sm-6 no-gutter-col flexbox-strech center-xs middle-xs\">\n<div class=\"lightbox-video dark-overlay shadow-large overlap-x-large flexbox middle-xs center-xs\" style=\"background-image: url('https:\/\/www.toxmate.fr\/wp-content\/uploads\/2021\/04\/Vid\u00e9o-anim\u00e9e-toxMate.png');\" data-type=\"group\" data-bg=\"image\"><\/div>\n<\/div>\n<\/div>\n<\/div>\n<\/div>\n<div id=\"content-1\" class=\"content-17 content-section content-section-spacing\" style=\"background-color: #ffffff; background-image: none; --darkreader-inline-bgcolor: #181a1b; --darkreader-inline-bgimage: none;\" data-label=\"Content\" data-id=\"content--1\" data-export-id=\"content-17\" data-category=\"content\" data-darkreader-inline-bgcolor=\"\" data-darkreader-inline-bgimage=\"\">\n<div class=\"gridContainer\">\n<div class=\"row middle-sm\">\n<div class=\"col-sm-6 space-bottom-xs\" data-type=\"column\">\n<h2 class=\"\" style=\"border-bottom-color: #78cc5e; --darkreader-inline-border-bottom: #3c7e28;\" data-darkreader-inline-border-bottom=\"\">Our commitment to the environment<\/h2>\n<p class=\"\"><span style=\"font-weight: 400;\">Preserving water quality today has become a major issue.<\/span>\n<span style=\"font-weight: 400;\">\nLe traitement et le contr\u00f4le des eaux, avant leur consommation pour l\u2019eau potable ou leur rejet dans le milieu naturel pour les eaux us\u00e9es, sont imp\u00e9ratifs pour \u00e9viter la d\u00e9gradation de l\u2019environnement, conserver son aptitude \u00e0 fournir une eau de qualit\u00e9 et pr\u00e9server la sant\u00e9 et la biodiversit\u00e9. Pour ceux qui souhaitent mieux comprendre ce sujet dans un cadre acad\u00e9mique, il peut \u00eatre utile de consulter <a href=\"https:\/\/diplomarbeit-schreiben.com\" style=\"color: inherit; text-decoration: none;\">diplomarbeit schreiben lassen<\/a>, une ressource d\u00e9di\u00e9e \u00e0 la r\u00e9daction de travaux universitaires en lien avec des th\u00e9matiques scientifiques et environnementales.\n<\/span>\n<span style=\"font-weight: 400;\">\nIn the same way, the control of the toxicity of sludge from treatment plants, used for agricultural spreading or composting, is essential to preserve the quality of our soil and our food.\n<\/span>\n<span style=\"font-weight: 400;\">\nViewPoint, a 30-year specialist in video image processing for medical and environmental research, is developing a new range of solutions dedicated to the detection of harmful substances in water and sludge in order to protect the environment.<\/span><\/p>\n<span style=\"font-weight: 400;\"><span style=\"color: #03a9f4; --darkreader-inline-color: #22b8fc;\" data-darkreader-inline-color=\"\"><span style=\"color: #006b99; --darkreader-inline-color: #61cfff;\" data-darkreader-inline-color=\"\">\nViewPoint asserts yet again its full commitment to the preservation of the environment, using its historic expertise in the design of high-tech technologies to help preserve ecosystems.<\/span><\/span><\/span>\n\n<\/div>\n<div class=\"col-sm-6 flexbox around-xs top-xs space-top-xs space-bottom-xs\">\n<div class=\"overlay-box flexbox middle-xs center-xs overlay-holder\">\n<div class=\"overlay-box-offset offset-background shadow-medium bg-color2 hide-xs\"><\/div>\n<img decoding=\"async\" class=\"flexbox shadow-large img1\" title=\"cropped-station-epuration-vue-a\u00e9rienne-linkedin-3.jpg\" src=\"https:\/\/www.toxmate.fr\/wp-content\/uploads\/2020\/06\/cropped-station-epuration-vue-a\u00e9rienne-linkedin-3.jpg\" alt=\"\" data-size=\"500x500\" \/>\n\n<\/div>\n<\/div>\n<\/div>\n<\/div>\n<\/div>\n<div id=\"content-2\" class=\"content-18 content-section content-section-spacing\" style=\"background-color: #f5fafd; --darkreader-inline-bgcolor: #1b1e1f;\" data-label=\"Content\" data-id=\"content--2\" data-export-id=\"content-18\" data-category=\"content\" data-darkreader-inline-bgcolor=\"\">\n<div class=\"gridContainer\">\n<div class=\"row middle-sm\">\n<div class=\"col-sm-6 flexbox around-xs top-xs space-bottom-xs space-top-xs\">\n<div class=\"overlay-box flexbox middle-xs center-xs overlay-holder\">\n<div class=\"overlay-box-offset offset-background shadow-medium bg-color2 hide-xs\"><\/div>\n<img decoding=\"async\" class=\"flexbox shadow-large img1\" title=\"Photo ToxMate\" src=\"https:\/\/www.toxmate.fr\/wp-content\/uploads\/2021\/11\/Tox-Mate-ouvert-haut.jpg\" alt=\"Photo ToxMate\" data-size=\"500x500\" \/>\n\n<\/div>\n<\/div>\n<div class=\"col-sm-6\" data-type=\"column\">\n<h2 class=\"\" style=\"border-bottom-color: #03a9f4; --darkreader-inline-border-bottom: #027cb3;\" data-darkreader-inline-border-bottom=\"\">ToxMate, a multi-species water quality biomonitoring station<\/h2>\n<p class=\"\"><span style=\"font-weight: 400; color: #006b99; --darkreader-inline-color: #61cfff;\" data-darkreader-inline-color=\"\">ToxMate, d\u00e9velopp\u00e9 par ViewPoint en partenariat avec Inrae, est la seule\u00a0 station de biosurveillance multi-esp\u00e8ces connect\u00e9e qui \u00e9value en temps r\u00e9el, en ligne et en continu, l\u2019impact environnemental des eaux.\n<\/span><\/p>\n<span style=\"font-weight: 400;\">\nToxMate is a station made to detect the impact of micropollutants in the water, through living organisms, of urban and industrial treatment plants, or drinking stations,\n<\/span>\n\n<span style=\"font-weight: 400;\">\nTested and proven on site, its ease of use and autonomy makes ToxMate an optimal solution for real-time water quality monitoring.<\/span>\n\n<a class=\"button color8\" href=\"https:\/\/www.toxmate.fr\/en\/le-toxmate\/\" target=\"_self\" rel=\"noopener\" data-cp-link=\"1\" data-icon=\"\">LEARN MORE<\/a>\n\n<\/div>\n<\/div>\n<\/div>\n<\/div>\n<div id=\"testimonials-1\" class=\"testimonials-1 content-section content-section-spacing\" style=\"background-color: #ffffff;\" data-label=\"Testimonials\" data-id=\"testimonials--1\" data-export-id=\"testimonials-1\" data-category=\"testimonials\">\n<div class=\"gridContainer\">\n<div class=\"row\">\n<div class=\"section-title-col\" data-type=\"column\">\n<h2 class=\"\">Our customers talk about ToxMate<\/h2>\n<\/div>\n<\/div>\n<div class=\"row spaced-cols content-center-sm\" data-type=\"row\">\n<div class=\"col-sm-4\"><i class=\"fa fa-quote-right icon color1 small quotation-icon\"><\/i>\n<p class=\"\"><span style=\"font-weight: 400;\">\u00a0ToxMate helped us to obtain our pumping authorisation, as a derogation, since we ensure the good quality of our discharge water, which represents 70% of the volume, before returning to the natural environment.<\/span><\/p>\n\n<h5 class=\"\">Jean-Michel Bertrand<\/h5>\n<p class=\"small\" style=\"font-style: italic;\"><span style=\"font-weight: 400;\">PDG\nTeintures et Impressions de Lyon<\/span><\/p>\n\n<\/div>\n<div class=\"col-sm-4\"><i class=\"fa fa-quote-right icon color1 small quotation-icon\"><\/i>\n<p class=\"\"><span style=\"font-weight: 400;\">When Toxmate is placed at the inlet of the plant, we can see the micropollutants coming in. It does not detect any at the outlet of the plant. This shows our performance in capturing and treating them.<\/span><\/p>\n\n<h5 class=\"\">David Verhille<\/h5>\n<p class=\"small\" style=\"font-style: italic;\"><span style=\"font-weight: 400;\">Director of the Bourgogne Centre territory at Veolia - WWTP  Nevers-les-Saulaies<\/span><\/p>\n\n<\/div>\n<div class=\"col-sm-4\"><i class=\"fa fa-quote-right icon color1 small quotation-icon\"><\/i>\n<p class=\"\" style=\"text-align: center;\"><span style=\"font-weight: 400;\">\u00a0The subject of water quality is of major importance in our time. The treatment of wastewater must be irreproachable in order to respect biodiversity and the quality of the water in the Eure. The Toxmate tool provides us with additional security and accompanies the agents of the Mare Corbonne wastewater treatment plant on a daily basis.\u00a0<\/span><\/p>\n\n<h5 class=\"\">Alain Bellamy<\/h5>\n<p class=\"small\" style=\"font-style: italic;\"><span style=\"font-weight: 400;\">Vice-president of Chartres M\u00e9tropole in charge of\n<\/span>\n<span style=\"font-weight: 400;\">Drinking Water and Sanitation<\/span><\/p>\n\n<\/div>\n<\/div>\n<\/div>\n<\/div>\n<div id=\"portfolio-1\" class=\"portfolio-3 content-section content-section-spacing\" style=\"background-color: #ffffff;\" data-label=\"Portfolio\" data-id=\"portfolio--1\" data-export-id=\"portfolio-3\" data-category=\"portfolio\">\n<div class=\"gridContainer\">\n<div class=\"row text-center\">\n<div class=\"section-title-col\" data-type=\"column\"><\/div>\n<\/div>\n<div class=\"row spaced-cols space-bottom\" data-type=\"row\">\n<div class=\"col-xs-12 col-sm-4 text-center\">\n<div class=\"card no-padding bottom-border-color1 no-shadow\">\n<div class=\"contentswap-effect\" data-hover-fx=\"portfolio-3\">\n<div class=\"initial-image\"><img decoding=\"async\" src=\"https:\/\/www.toxmate.fr\/wp-content\/uploads\/2022\/12\/cropped-TIL-Reportage-video-202211.png\" data-size=\"500x333\" \/><\/div>\n<div class=\"overlay bg-color6\"><\/div>\n<div class=\"swap-inner col-xs-12\">\n<div class=\"row full-height-row middle-xs middle-sm\">\n<div class=\"col-xs-12 text-center content-holder\"><a class=\"button small color2\" href=\"https:\/\/www.youtube.com\/watch?v=8uMzf7oA5QM&amp;list=PL2Y1PA_QgQUjGeMdsMO44GnVSRkl8t8Rw\" target=\"lightbox\" rel=\"noopener\" data-cp-link=\"1\" data-icon=\"\">See<\/a><\/div>\n<\/div>\n<\/div>\n<\/div>\n<div class=\"space-bottom space-top col-xs-12\" data-type=\"column\">\n<h4 class=\"\">TIL \u2013 Teintures et Impressions\nde Lyon<\/h4>\n<\/div>\n<\/div>\n<\/div>\n<div class=\"col-xs-12 col-sm-4 text-center\">\n<div class=\"card no-padding bottom-border-color1 no-shadow\">\n<div class=\"contentswap-effect\" data-hover-fx=\"portfolio-3\">\n<div class=\"initial-image\"><img decoding=\"async\" src=\"https:\/\/www.toxmate.fr\/wp-content\/uploads\/2022\/12\/cropped-Chartres-M%C3%A9tropole-Video-202212.png\" data-size=\"500x333\" \/><\/div>\n<div class=\"overlay bg-color6\"><\/div>\n<div class=\"swap-inner col-xs-12\">\n<div class=\"row full-height-row middle-xs middle-sm\">\n<div class=\"col-xs-12 text-center content-holder\"><a class=\"button small color2\" href=\"https:\/\/www.youtube.com\/watch?v=TlDqV58G3tE&amp;list=PL2Y1PA_QgQUh7hYBoZ9nTyWd4Pond1L5k\" target=\"lightbox\" rel=\"noopener\" data-cp-link=\"1\" data-icon=\"\">See<\/a><\/div>\n<\/div>\n<\/div>\n<\/div>\n<div class=\"space-bottom space-top col-xs-12\" data-type=\"column\">\n<h4 class=\"\">Chartres Metropole<\/h4>\nMare Corbonne Station\n\n<\/div>\n<\/div>\n<\/div>\n<\/div>\n<div class=\"row\">\n<div class=\"col-xs-12 text-center\" data-type=\"column\"><\/div>\n<\/div>\n<\/div>\n<\/div>\n<div id=\"latest_news-1\" class=\"blog-section content-section content-section-spacing\" style=\"background-color: #ffffff;\" data-label=\"Latest-news\" data-id=\"latest_news--1\" data-export-id=\"blog-section-card\" data-category=\"latest_news\">\n<div class=\"gridContainer\">\n<div class=\"row\">\n<div class=\"section-title-col\" data-type=\"column\">\n<h2 class=\"\"><span style=\"font-weight: bold;\">Discover the latest Blog articles<\/span><\/h2>\n<\/div>\n<\/div>\n<div class=\"row\">\n<div data-type=\"row\" data-dynamic-columns=\"handled\" data-content-shortcode=\"mesmerize_latest_news item_class=&quot;card no-padding&quot;\"><\/div>\n<\/div>\n<div class=\"row\">\n<div class=\"text-center\"><a href=\"https:\/\/www.toxmate.fr\/en\/blog\/\">See all articles<\/a><\/div>\n<\/div>\n<\/div>\n<\/div>\n<div id=\"content-4\" class=\"content-12 content-section content-section-spacing\" style=\"background-color: #f5fafd; --darkreader-inline-bgcolor: #1b1e1f;\" data-label=\"Content\" data-id=\"content--4\" data-export-id=\"content-12\" data-category=\"content\" data-darkreader-inline-bgcolor=\"\">\n<div class=\"gridContainer\">\n<div class=\"row text-center\">\n<div class=\"section-title-col\" data-type=\"column\">\n<p class=\"lead\"><span style=\"font-weight: 600;\">ToxMate is developed in partnership with INRAE (National Institute for Research in Agronomy, Food and Environment) Lyon, with the support of the AERMC (Rhone, Mediteranean and Corsica Water Agency), the European Union and the Rh\u00f4ne-Alpes Region.<\/span><\/p>\n\n<\/div>\n<\/div>\n<div class=\"row center-xs middle-xs\">\n<div class=\"col-sm-9\" data-type=\"column\"><img decoding=\"async\" class=\"shadow-large\" title=\"Partner banner\" src=\"https:\/\/www.toxmate.fr\/wp-content\/uploads\/2020\/06\/Banni\u00e8re-partenaires-1.png\" alt=\"\" \/><\/div>\n<\/div>\n<\/div>\n<\/div>\n<div id=\"content-6\" class=\"content-17 content-section content-section-spacing\" style=\"background-color: #f5fafd;\" data-label=\"Content\" data-id=\"content--6\" data-export-id=\"content-17\" data-category=\"content\">\n<div class=\"gridContainer\">\n<div class=\"row middle-sm\">\n<div class=\"col-sm-6 space-bottom-xs\" data-type=\"column\">\n<h2 class=\"\" style=\"border-bottom-color: #038b3f;\">GreenSludge<\/h2>\n<p class=\"\"><span style=\"font-weight: 400;\">In order to preserve a good quality of soils, the French regulation foresees soon the the implementation of new measures. . These are additional controls on sewage sludge, prior to its recovery by composting or agricultural spreading in particular.<\/span>\n<span style=\"font-weight: 400;\">\nViewPoint has developed a fast assessment method for earthworms.<\/span>\n<span style=\"font-weight: 400;\">\nFrom its automated behavioral analysis,<span style=\"font-weight: 600;\"> GreenSludge provides the ecotoxicity score of the sample within 24 to 48 hours after receipt at the laboratory.<\/span><\/span><\/p>\n<a class=\"button color11\" href=\"https:\/\/www.toxmate.fr\/en\/greensludge\/\" target=\"_self\" rel=\"noopener\" data-cp-link=\"1\" data-icon=\"\">LEARN MORE<\/a>\n\n<\/div>\n<div class=\"col-sm-6 flexbox around-xs top-xs space-top-xs space-bottom-xs\">\n<div class=\"overlay-box flexbox middle-xs center-xs overlay-holder\">\n<div class=\"overlay-box-offset offset-background shadow-medium bg-color2 hide-xs\"><\/div>\n<img decoding=\"async\" class=\"flexbox shadow-large img1\" title=\"Soil,Science,Concept,A,Scientist,Is,Taking,A,Sample,Of\" src=\"https:\/\/www.toxmate.fr\/wp-content\/uploads\/2021\/05\/\u00e9chantillonnage-boue.jpg\" alt=\"\u00e9chantillonnage boue\" data-size=\"500x500\" \/>\n\n<\/div>\n<\/div>\n<\/div>\n<\/div>\n<\/div>","protected":false},"excerpt":{"rendered":"<p>ACC\u00c8S COLLECTIVIT\u00c9S TERRITORIALES Retrouvez ViewPoint Biosurveillance de l\u2019eau Pour conna\u00eetre les prochains salons, congr\u00e8s, \u00e9v\u00e9nements auxquels nous participons : CLIQUEZ ICI Discover ToxMate in an animated video Notre engagement pour la pr\u00e9servation de l\u2019environnement Pr\u00e9server la qualit\u00e9 de l\u2019eau est un enjeu devenu crucial. Le traitement et le contr\u00f4le des eaux, avant leur consommation pour&hellip; <br \/> <a class=\"read-more\" href=\"https:\/\/www.toxmate.fr\/en\/\">Read more<\/a><\/p>","protected":false},"author":2,"featured_media":0,"parent":0,"menu_order":0,"comment_status":"closed","ping_status":"closed","template":"","meta":{"inline_featured_image":false,"footnotes":""},"class_list":["post-291","page","type-page","status-publish","hentry"],"aioseo_notices":[],"_links":{"self":[{"href":"https:\/\/www.toxmate.fr\/en\/wp-json\/wp\/v2\/pages\/291","targetHints":{"allow":["GET"]}}],"collection":[{"href":"https:\/\/www.toxmate.fr\/en\/wp-json\/wp\/v2\/pages"}],"about":[{"href":"https:\/\/www.toxmate.fr\/en\/wp-json\/wp\/v2\/types\/page"}],"author":[{"embeddable":true,"href":"https:\/\/www.toxmate.fr\/en\/wp-json\/wp\/v2\/users\/2"}],"replies":[{"embeddable":true,"href":"https:\/\/www.toxmate.fr\/en\/wp-json\/wp\/v2\/comments?post=291"}],"version-history":[{"count":180,"href":"https:\/\/www.toxmate.fr\/en\/wp-json\/wp\/v2\/pages\/291\/revisions"}],"predecessor-version":[{"id":5275,"href":"https:\/\/www.toxmate.fr\/en\/wp-json\/wp\/v2\/pages\/291\/revisions\/5275"}],"wp:attachment":[{"href":"https:\/\/www.toxmate.fr\/en\/wp-json\/wp\/v2\/media?parent=291"}],"curies":[{"name":"wp","href":"https:\/\/api.w.org\/{rel}","templated":true}]}}