{"id":29,"date":"2020-06-16T09:32:50","date_gmt":"2020-06-16T07:32:50","guid":{"rendered":"http:\/\/toxmate.viewpoint.fr\/?page_id=29"},"modified":"2022-12-12T13:59:51","modified_gmt":"2022-12-12T12:59:51","slug":"notre-histoire","status":"publish","type":"page","link":"https:\/\/www.toxmate.fr\/en\/notre-histoire\/","title":{"rendered":"History"},"content":{"rendered":"<div  data-label=\"Content\" data-id=\"content--1\" data-export-id=\"content-12\" data-category=\"content\" class=\"content-12 content-section content-section-spacing\" id=\"content-1\" style=\"background-color: rgb(245, 250, 253);\"><div  class=\"gridContainer\"> <div  class=\"row text-center\"><div  class=\"section-title-col\" data-type=\"column\"> <h2  class=\"\"><span  style=\"font-weight: 600;\">History<\/span><\/h2> <p  class=\"lead\"><span  style=\"font-weight: 400;\">For more than 30 years, Viewpoint has been deeply involved in medical and environmental studies. Today, we still give our customers the best behavioural analysis tools available on the market, by developing new products and new technologies every year.<\/span><\/p><\/div> <\/div> <div  class=\"row center-xs middle-xs\"> <div  class=\"col-sm-9\" data-type=\"column\"> <a data-cp-link=\"1\" href=\"#\"  class=\"\" target=\"_blank\"><img decoding=\"async\"  class=\"shadow-large\" src=\"https:\/\/www.toxmate.fr\/wp-content\/uploads\/2022\/04\/Notre-histoire.png\" alt=\"\" title=\"ViewPoint History\"><\/a><\/div> <\/div><\/div> <\/div>","protected":false},"excerpt":{"rendered":"<p>Notre histoire ViewPoint est une entreprise fran\u00e7aise impliqu\u00e9e depuis plus de 30 ans dans la recherche m\u00e9dicale et environnementale, proposant \u00e0 ses clients les meilleures solutions d\u2019analyse du comportement animal.<\/p>","protected":false},"author":2,"featured_media":0,"parent":0,"menu_order":0,"comment_status":"closed","ping_status":"closed","template":"pro\/page-templates\/full-width-page.php","meta":{"inline_featured_image":false,"footnotes":""},"class_list":["post-29","page","type-page","status-publish","hentry"],"aioseo_notices":[],"_links":{"self":[{"href":"https:\/\/www.toxmate.fr\/en\/wp-json\/wp\/v2\/pages\/29","targetHints":{"allow":["GET"]}}],"collection":[{"href":"https:\/\/www.toxmate.fr\/en\/wp-json\/wp\/v2\/pages"}],"about":[{"href":"https:\/\/www.toxmate.fr\/en\/wp-json\/wp\/v2\/types\/page"}],"author":[{"embeddable":true,"href":"https:\/\/www.toxmate.fr\/en\/wp-json\/wp\/v2\/users\/2"}],"replies":[{"embeddable":true,"href":"https:\/\/www.toxmate.fr\/en\/wp-json\/wp\/v2\/comments?post=29"}],"version-history":[{"count":24,"href":"https:\/\/www.toxmate.fr\/en\/wp-json\/wp\/v2\/pages\/29\/revisions"}],"predecessor-version":[{"id":3903,"href":"https:\/\/www.toxmate.fr\/en\/wp-json\/wp\/v2\/pages\/29\/revisions\/3903"}],"wp:attachment":[{"href":"https:\/\/www.toxmate.fr\/en\/wp-json\/wp\/v2\/media?parent=29"}],"curies":[{"name":"wp","href":"https:\/\/api.w.org\/{rel}","templated":true}]}}