{"id":21,"date":"2020-06-16T09:31:34","date_gmt":"2020-06-16T07:31:34","guid":{"rendered":"http:\/\/toxmate.viewpoint.fr\/?page_id=21"},"modified":"2026-02-20T14:20:57","modified_gmt":"2026-02-20T13:20:57","slug":"qui-sommes-nous","status":"publish","type":"page","link":"https:\/\/www.toxmate.fr\/en\/qui-sommes-nous\/","title":{"rendered":"Who are we?"},"content":{"rendered":"<div  data-label=\"Content\" data-id=\"content--1\" data-export-id=\"content-12\" data-category=\"content\" class=\"content-12 content-section content-section-spacing\" id=\"content-1\" style=\"background-color: rgb(245, 250, 253);\"><div  class=\"gridContainer\"> <div  class=\"row text-center\"><div  class=\"section-title-col\" data-type=\"column\"> <h2  class=\"\">Our motto<\/h2> <p  class=\"lead\"><span  style=\"font-weight: 600;\">Working for the well-being of the people and the Earth, in a spirit of benevolence and commitment.<\/span>.<\/p><\/div> <\/div> <div  class=\"row center-xs middle-xs\"> <div  class=\"col-sm-9\" data-type=\"column\"> <\/div> <\/div><\/div> <\/div><div  data-label=\"Features\" data-id=\"features--1\" data-export-id=\"features-12-card-bordered-colored\" data-category=\"features\" class=\"features-12-card-bordered-colored content-section content-section-spacing\" id=\"features-1\" style=\"background-color: rgb(245, 250, 253);\"><div  class=\"gridContainer\"><div  class=\"row text-center\"><div  class=\"section-title-col\" data-type=\"column\"> <h2  class=\"\">Our core values<\/h2> <p  class=\"lead\"><span  style=\"font-weight: 400;\">Viewpoint and all of its collaborators are committed to our customers and partners around the values they hold dear:<\/span><\/p><\/div> <\/div> <div  class=\"row spaced-cols\" data-type=\"row\"> <div  class=\"col-xs-12 col-sm-6\"> <div  class=\"card row-card bottom-border-color2\"> <div  class=\"row\"> <div  class=\"col-sm-fit icon-column\" data-preview-empty=\"1\">  <\/div> <div  class=\"col-sm\" data-type=\"column\"> <h5  class=\"color2\">HONESTY<\/h5> <p  class=\"\"><span  style=\"font-weight: 400;\">Respect our motto and our values<\/span><span  id=\"_mce_caret\" data-mce-bogus=\"1\" data-mce-type=\"format-caret\"><span  style=\"font-weight: 400;\"><\/span><\/span><\/p><\/div> <\/div><\/div> <\/div> <div  class=\"col-xs-12 col-sm-6\"> <div  class=\"card row-card bottom-border-color2\"> <div  class=\"row\"> <div  class=\"col-sm-fit icon-column\" data-preview-empty=\"1\">  <\/div> <div  class=\"col-sm\" data-type=\"column\"> <h5  class=\"color2\">COMMITMENT<\/h5> <p  class=\"\"><span  style=\"font-weight: 400;\">Motivate, set an example, don't take the easy way out<\/span><\/p><\/div> <\/div><\/div> <\/div> <div  class=\"col-xs-12 col-sm-6\"> <div  class=\"card row-card bottom-border-color2\"> <div  class=\"row\"> <div  class=\"col-sm-fit icon-column\" data-preview-empty=\"1\">  <\/div> <div  class=\"col-sm\" data-type=\"column\"> <h5  class=\"color2\">KINDNESS<\/h5> <p  class=\"\"><span  style=\"font-weight: 400;\">Demonstrate mutual aid, solidarity and tolerance<\/span>\r\n<\/p><\/div> <\/div><\/div> <\/div> <div  class=\"col-xs-12 col-sm-6\"> <div  class=\"card row-card bottom-border-color2\"> <div  class=\"row\"> <div  class=\"col-sm-fit icon-column\" data-preview-empty=\"1\">  <\/div> <div  class=\"col-sm\" data-type=\"column\"> <h5  class=\"color2\">PLEASURE<\/h5> <p  class=\"\"><span  style=\"font-weight: 400;\">Working in a friendly and pleasant atmosphere, developing interest in the work<\/span><\/p><\/div> <\/div><\/div> <\/div><\/div> <\/div><\/div><div  data-label=\"Content\" data-id=\"content--4\" data-export-id=\"content-8\" data-category=\"content\" class=\"content-8 content-section content-section-spacing\" id=\"content-4\" style=\"background-color: rgb(245, 250, 253);\"><div  class=\"gridContainer\"> <div  class=\"row middle-sm\"><div  class=\"col-sm-6 space-bottom-xs space-top-xs\" data-type=\"column\"> <img decoding=\"async\"  class=\"shadow-large\" src=\"https:\/\/www.toxmate.fr\/wp-content\/uploads\/2023\/03\/logo-ViewPoint-iso-9001-14001.jpg\" alt=\"logo-ViewPoint-iso-9001-14001\" title=\"logo-ViewPoint-iso-9001-14001\"><\/div> <div  class=\"col-sm-6\" data-type=\"column\"><h2  class=\"\">Certification<\/h2> <p  class=\"\"><span  style=\"font-weight: 400;\">ViewPoint is certified ISO 9001 and 14001 for its activities managed by the Civrieux site.<\/span><\/p> <\/div> <\/div><\/div> <\/div><div  data-label=\"About\" data-id=\"about--4\" data-export-id=\"about-9\" data-category=\"about\" class=\"about-9 content-section content-section-spacing\" id=\"about-4\" style=\"background-color: rgb(245, 250, 253);\"><div  class=\"gridContainer\"> <div  class=\"row middle-sm text-center\"><div  class=\"col-sm-5 space-bottom-xs content-column content-right-sm\" data-type=\"column\">  <h2  class=\"\">Our commitments<\/h2> <p  class=\"\" style=\"text-align: left;\"><span style=\"font-weight: 700;\" >Environnement<\/span><\/p><p  class=\"\" style=\"text-align: left;\"><span  style=\"font-weight: 400;\">ViewPoint is a signatory of the <span  style=\"font-weight: 600;\">Manifesto for an industry that transforms and commits itself to the environment, promoted by Le Grand Lyon metropolitan area.<\/span> driven by the Greater Lyon metropolis.<\/span><\/p> <a class=\"button color1\" href=\"http:\/\/support.viewpoint.fr\/download\/upload_tox\/View_Point_manifeste.pdf\" target=\"_blank\" data-cp-link=\"1\" data-icon=\"\" rel=\"noopener\">CONSULT THE MANIFESTO<\/a><\/div> <div  class=\"col-sm-7 flexbox flexbox middle-xs center-xs space-bottom-xs\"><div  class=\"overlay-box flexbox middle-xs center-xs overlay-holder\"> <div  class=\"overlay-box-offset offset-background shadow-medium bg-color2 hide-xs\"><\/div> <img decoding=\"async\"  class=\"flexbox shadow-large img1\" src=\"https:\/\/www.toxmate.fr\/wp-content\/uploads\/2022\/05\/mdl-manifeste-industrie-transformation-environnement-lyon-pub-rejoignez-202201-fr-1920.png\" data-size=\"600x400\" alt=\"Manifeste industrie Grand Lyon\" title=\"mdl-manifesto-industry-transformation-environment-lyon-pub-join-202201-en-1920\"><\/div> <\/div><\/div> <\/div><\/div><div data-label=\"Content\" data-id=\"content--5\" data-export-id=\"content-16\" data-category=\"content\" class=\"content-16 content-section content-section-spacing\" id=\"content-5\"  style=\"background-color: rgb(245, 250, 253);\"><div class=\"gridContainer\" > <div class=\"row middle-sm\" ><div class=\"col-sm-6 space-bottom-xs\" data-type=\"column\" >  <p class=\"\" ><span style=\"font-weight: 700;\" >Egalit\u00e9 Femme Homme<\/span><\/p> <p  class=\"\"><span style=\"font-weight: 400;\" >ViewPoint s&rsquo;engage pour l&rsquo;\u00e9galit\u00e9 des r\u00e9mun\u00e9rations entre hommes et femmes et pour la parit\u00e9 dans les organes de direction.<\/span><\/p><\/div> <div class=\"col-sm-6 flexbox around-xs top-xs space-top-xs space-bottom-xs\" ><div class=\"overlay-box flexbox middle-xs center-xs overlay-holder\" > <div class=\"overlay-box-offset offset-border shadow-medium border-color2 hide-xs\" ><\/div> <img decoding=\"async\" class=\"flexbox shadow-large img1\" data-size=\"500x500\" src=\"https:\/\/www.toxmate.fr\/wp-content\/uploads\/2024\/01\/Egalite-Femme-Homme.png\"  title=\"Egalit\u00e9 Femme Homme\" alt=\"Egalit\u00e9 Femme Homme\"><\/div> <\/div><\/div> <\/div><\/div><div  data-label=\"About\" data-id=\"about--2\" data-export-id=\"about-7\" data-category=\"about\" class=\"about-7 content-section content-section-spacing\" id=\"about-2\" style=\"background-color: rgb(255, 255, 255);\"><div  class=\"gridContainer\"> <div  class=\"row middle-sm text-center\"><div  class=\"col-sm-6 space-bottom-xs\" data-type=\"column\">  <h2  class=\"\">We produce innovative solutions for water quality management stakeholders<\/h2> <p  class=\"\" style=\"text-align: left;\"><span  style=\"font-weight: 400;\">Drawing on its recognized expertise and the collaborations created with the research community, ViewPoint has been committed for several years in the deployment of innovative solutions intended for water quality control, for the benefit of public and private players involved in water management.<\/span><\/p> <img decoding=\"async\"  class=\"custom-image\" src=\"https:\/\/www.toxmate.fr\/wp-content\/uploads\/2021\/03\/ViewPoint_LogoEn_RVB.png\" alt=\"\" title=\"ViewPoint_LogoFr_RVB\"><\/div> <div  class=\"col-sm-6 col-relative space-bottom-xs\"><div  class=\"row spaced-cols\"> <div  class=\"col-xs-6 flexbox middle-xs center-xs\"> <img decoding=\"async\"  class=\"shadow-large\" data-size=\"300x300\" src=\"https:\/\/www.toxmate.fr\/wp-content\/uploads\/2021\/02\/cropped-usine-3.jpg\" alt=\"\" title=\"cropped-usine-3.jpg\"><\/div> <div  class=\"col-xs-6 flexbox middle-xs center-xs\"> <img decoding=\"async\"  class=\"shadow-large\" data-size=\"300x300\" src=\"https:\/\/www.toxmate.fr\/wp-content\/uploads\/2021\/02\/cropped-rivi\u00e8re-naturelle-sous-bois-Linkedin.jpg\" alt=\"\" title=\"cropped-natural-river-underwood-Linkedin.jpg\"><\/div> <div  class=\"col-xs-6 flexbox middle-xs center-xs\"> <img decoding=\"async\"  class=\"shadow-large\" data-size=\"300x300\" src=\"https:\/\/www.toxmate.fr\/wp-content\/uploads\/2020\/06\/cropped-station-epuration-vue-a\u00e9rienne-twitter.jpg\" alt=\"\" title=\"cropped-station-epuration-vue-a\u00e9rienne-twitter.jpg\"><\/div> <div  class=\"col-xs-6 flexbox middle-xs center-xs\"> <img decoding=\"async\"  class=\"shadow-large\" data-size=\"300x300\" src=\"https:\/\/www.toxmate.fr\/wp-content\/uploads\/2021\/02\/cropped-water.jpg\" alt=\"\" title=\"cropped-water.jpg\"><\/div> <\/div> <div  class=\"center-overlay inner-shadow border-large\"><\/div><\/div> <\/div><\/div> <\/div><div  data-label=\"Content\" data-id=\"content--3\" data-export-id=\"content-12\" data-category=\"content\" class=\"content-12 content-section content-section-spacing\" id=\"content-3\" style=\"background-color: rgb(245, 250, 253);\"><div  class=\"gridContainer\"> <div  class=\"row text-center\"><div  class=\"section-title-col\" data-type=\"column\">  <p  class=\"lead\" style=\"text-align: left;\"><span  style=\"font-weight: 600;\">Our environmental commitment is materialized at the same time:<\/span><br ><span  style=\"font-weight: 600;\">- in the search for solutions to safeguard the quality of a fundamental resource: water<\/span><br ><span  style=\"font-weight: 600;\">- in the design of environmentally friendly devices, based on biomonitoring<\/span><\/p><\/div> <\/div> <div  class=\"row center-xs middle-xs\"> <div  class=\"col-sm-9\" data-type=\"column\"> <\/div> <\/div><\/div> <\/div><div  data-label=\"About\" data-id=\"about--3\" data-export-id=\"about-6\" data-category=\"about\" class=\"about-6 content-section content-section-spacing\" id=\"about-3\" style=\"background-color: rgb(245, 250, 253);\"><div  class=\"gridContainer\"> <div  class=\"row middle-sm text-center\"><div  class=\"col-sm-6 space-bottom-xs\" data-type=\"column\">  <h2  class=\"\">Historical expertise in the field of research<\/h2> <p  class=\"\" style=\"text-align: left;\"><span  style=\"font-weight: 400;\">Since 1990, the French company ViewPoint has been involved in medical and environmental research.<\/span><br ><span  style=\"font-weight: 400;\">\r\nViewPoint is a world leader in the automatic monitoring and analysis of animal behaviour in a variety of research areas. Our products enable researchers and users to study an unlimited number of subjects, in the fields of neuroscience, ecotoxicology, or pharmacology.<\/span><br ><span  style=\"font-weight: 400;\">\r\nMajor research centres, both public and private, trust us throughout the world.<\/span><\/p> <img decoding=\"async\"  class=\"custom-image\" src=\"https:\/\/www.toxmate.fr\/wp-content\/uploads\/2020\/06\/Logo-VP-Neuro.jpg\" alt=\"\" title=\"VP Neuro logo\"><\/div> <div  class=\"col-sm-6 image-group-right-3 space-bottom-xs\"><div  class=\"top-media\"> <img decoding=\"async\"  class=\"shadow-large\" data-size=\"350x250\" src=\"https:\/\/www.toxmate.fr\/wp-content\/uploads\/2021\/02\/cropped-Cerveau.jpg\" alt=\"\" title=\"cropped-Brain.jpg\"><\/div> <div  class=\"bottom-media\"> <img decoding=\"async\"  class=\"shadow-large\" data-size=\"350x250\" src=\"https:\/\/www.toxmate.fr\/wp-content\/uploads\/2021\/02\/cropped-zebrafishes-rouges-fond-bleu-lkd.jpg\" alt=\"\" title=\"cropped-zebrafishes-red-bottom-blue-lkd.jpg\"><\/div> <div  class=\"left-media\"> <img decoding=\"async\"  class=\"shadow-large\" data-size=\"350x400\" src=\"https:\/\/www.toxmate.fr\/wp-content\/uploads\/2021\/02\/cropped-souris-blanche-lkd-3.png\" alt=\"\" title=\"cropped-mouse-white-lkd-3.png\"> <div  class=\"offset-double-border-overlay\"> <div  class=\"border-1 shadow-small\"><\/div> <div  class=\"border-2\"><\/div><\/div> <\/div><\/div> <\/div><\/div> <\/div><div  data-label=\"Clients\" data-id=\"clients--1\" data-export-id=\"clients-4\" data-category=\"clients\" class=\"clients-4 content-section content-section-spacing-small\" id=\"clients-1\" style=\"background-color: rgba(255, 255, 255, 0); background-image: none;\"><div  class=\"\"> <div  class=\"row\"><div  data-type=\"column\" class=\"section-title-col\">  <\/div> <\/div> <div  data-type=\"row\" class=\"row spaced-cols middle-xs center-xs space-bottom padding-lr\"> <div  class=\"col-xs-6 col-sm-2\"> <img decoding=\"async\"  class=\"custom-image\" src=\"https:\/\/www.toxmate.fr\/wp-content\/uploads\/2020\/06\/Cambridge-2.jpg\" alt=\"\" title=\"Cambridge\"><\/div> <div  class=\"col-xs-6 col-sm-2\"> <img decoding=\"async\"  src=\"https:\/\/www.toxmate.fr\/wp-content\/uploads\/2020\/06\/Harvard-2.png\" class=\"\" alt=\"\" title=\"Harvard\"><\/div> <div  class=\"col-xs-6 col-sm-2\"> <img decoding=\"async\"  src=\"https:\/\/www.toxmate.fr\/wp-content\/uploads\/2020\/06\/Stanford-2.jpg\" class=\"\" alt=\"\" title=\"Stanford\"><\/div>  <div  class=\"col-xs-6 col-sm-2\"> <img decoding=\"async\"  src=\"https:\/\/www.toxmate.fr\/wp-content\/uploads\/2020\/06\/pfizer.png\" class=\"\" alt=\"\" title=\"pfizer\"><\/div> <div  class=\"col-xs-6 col-sm-2\"> <img decoding=\"async\"  src=\"https:\/\/www.toxmate.fr\/wp-content\/uploads\/2020\/06\/Sanofi.jpg\" class=\"\" alt=\"\" title=\"Sanofi\"><\/div> <div  class=\"col-xs-6 col-sm-2\"> <a data-cp-link=\"1\" href=\"#\" class=\"\" target=\"_self\" rel=\"noopener\"><img decoding=\"async\"  class=\"custom-image\" src=\"https:\/\/www.toxmate.fr\/wp-content\/uploads\/2020\/06\/Logo-Inrae.png\" alt=\"\" title=\"Cambridge\"><\/a><\/div><\/div><\/div> <\/div>","protected":false},"excerpt":{"rendered":"<p>Notre raison d\u2019\u00eatre \u0152uvrer pour le bien-\u00eatre de l\u2019humain et de la plan\u00e8te, dans un esprit de bienveillance et d\u2019engagement. Nos valeurs Viewpoint et l\u2019ensemble de ses collaborateurs s\u2019engagent aupr\u00e8s des clients et partenaires autour des valeurs qui leur sont ch\u00e8res : L\u2019HONN\u00caTET\u00c9 Respecter notre raison d\u2019\u00eatre et nos valeurs\ufeff L\u2019ENGAGEMENT Motiver, montrer l\u2019exemple, ne&hellip; <br \/> <a class=\"read-more\" href=\"https:\/\/www.toxmate.fr\/en\/qui-sommes-nous\/\">Read more<\/a><\/p>","protected":false},"author":2,"featured_media":0,"parent":0,"menu_order":1,"comment_status":"closed","ping_status":"closed","template":"pro\/page-templates\/full-width-page.php","meta":{"inline_featured_image":false,"footnotes":""},"class_list":["post-21","page","type-page","status-publish","hentry"],"aioseo_notices":[],"_links":{"self":[{"href":"https:\/\/www.toxmate.fr\/en\/wp-json\/wp\/v2\/pages\/21","targetHints":{"allow":["GET"]}}],"collection":[{"href":"https:\/\/www.toxmate.fr\/en\/wp-json\/wp\/v2\/pages"}],"about":[{"href":"https:\/\/www.toxmate.fr\/en\/wp-json\/wp\/v2\/types\/page"}],"author":[{"embeddable":true,"href":"https:\/\/www.toxmate.fr\/en\/wp-json\/wp\/v2\/users\/2"}],"replies":[{"embeddable":true,"href":"https:\/\/www.toxmate.fr\/en\/wp-json\/wp\/v2\/comments?post=21"}],"version-history":[{"count":68,"href":"https:\/\/www.toxmate.fr\/en\/wp-json\/wp\/v2\/pages\/21\/revisions"}],"predecessor-version":[{"id":5187,"href":"https:\/\/www.toxmate.fr\/en\/wp-json\/wp\/v2\/pages\/21\/revisions\/5187"}],"wp:attachment":[{"href":"https:\/\/www.toxmate.fr\/en\/wp-json\/wp\/v2\/media?parent=21"}],"curies":[{"name":"wp","href":"https:\/\/api.w.org\/{rel}","templated":true}]}}